{"id":49,"date":"2024-06-25T17:10:10","date_gmt":"2024-06-25T15:10:10","guid":{"rendered":"https:\/\/taxivan.fr\/?page_id=49"},"modified":"2024-07-10T11:40:27","modified_gmt":"2024-07-10T09:40:27","slug":"%d9%86%d9%82%d9%84-%d8%a5%d9%84%d9%89-%d9%85%d8%ad%d8%b7%d8%a9-%d9%82%d8%b7%d8%a7%d8%b1-%d9%83%d9%88%d8%b1%d8%b4%d9%88%d9%81%d9%8a%d9%84","status":"publish","type":"page","link":"https:\/\/taxivan.fr\/ar\/%d9%86%d9%82%d9%84-%d8%a5%d9%84%d9%89-%d9%85%d8%ad%d8%b7%d8%a9-%d9%82%d8%b7%d8%a7%d8%b1-%d9%83%d9%88%d8%b1%d8%b4%d9%88%d9%81%d9%8a%d9%84","title":{"rendered":"\u0646\u0642\u0644 \u0645\u062d\u0637\u0629 \u0642\u0637\u0627\u0631 \u0643\u0648\u0631\u0634\u0648\u0641\u064a\u0644"},"content":{"rendered":"<h2 class=\"wp-block-heading\">\u062e\u062f\u0645\u0629 \u0627\u0644\u0646\u0642\u0644 \u0628\u0633\u0627\u0626\u0642 \u0633\u064a\u0627\u0631\u0629 \u0623\u062c\u0631\u0629 VTC \u0628\u064a\u0646 \u0643\u0648\u0631\u0634\u0648\u0641\u064a\u0644 \u0648\u0645\u062d\u0637\u0627\u062a \u0627\u0644\u0642\u0637\u0627\u0631 \u0641\u064a \u062c\u0646\u064a\u0641 \u0623\u0648 \u0634\u0627\u0645\u0628\u064a\u0631\u064a \u0623\u0648 \u0644\u064a\u0648\u0646 \u0623\u0648 \u0622\u0646\u0633\u064a \u0623\u0648 \u0645\u0648\u062a\u064a\u064a\u0647 \u0623\u0648 \u062a\u0648\u0631\u064a\u0646\u0648 \u0623\u0648 \u0645\u064a\u0644\u0627\u0646\u0648<\/h2>\n\n\n\n<h3 class=\"wp-block-heading\">\u0633\u0627\u0626\u0642 \u0633\u064a\u0627\u0631\u0629 \u0627\u0644\u0623\u062c\u0631\u0629 \u0627\u0644\u062e\u0627\u0635 \u0628\u0643 \u0641\u064a \u0643\u0648\u0631\u0634\u0648\u0641\u064a\u0644: \u0627\u0644\u0646\u0642\u0644 \u0645\u0646 \u0648\u0625\u0644\u0649 \u062c\u0645\u064a\u0639 \u0627\u0644\u0645\u062d\u0637\u0627\u062a<\/h3>\n\n\n\n<p>\u064a\u0645\u0643\u0646 \u0644\u0640 Courchevel Taxi Van \u0623\u064a\u0636\u064b\u0627 \u0623\u0646 \u062a\u0642\u0644\u0643 \u0639\u0646\u062f \u0646\u0632\u0648\u0644\u0643 \u0645\u0646 \u0627\u0644\u0642\u0637\u0627\u0631\u060c \u0641\u064a \u062c\u0645\u064a\u0639 \u0627\u0644\u0645\u062d\u0637\u0627\u062a \u0627\u0644\u0645\u0630\u0643\u0648\u0631\u0629 \u0623\u062f\u0646\u0627\u0647. \u0648\u0645\u0646 \u0627\u0644\u0648\u0627\u0636\u062d \u0623\u0646 \u064a\u062a\u0645 \u062a\u0648\u0641\u064a\u0631 \u0646\u0641\u0633 \u0627\u0644\u062e\u062f\u0645\u0627\u062a.<\/p>\n\n\n\n<h2 class=\"wp-block-heading\">\u0646\u0642\u0644 \u0645\u0639 \u0633\u0627\u0626\u0642 \u0633\u064a\u0627\u0631\u0629 \u0623\u062c\u0631\u0629 \u0628\u062f\u064a\u0644 \u0625\u0644\u0649 \u0627\u0644\u0645\u062d\u0637\u0627\u062a<\/h2>\n\n\n\n<h3 class=\"wp-block-heading\">\u0627\u0644\u062e\u0628\u0631\u0629 \u0648\u0627\u0644\u0645\u0648\u062b\u0648\u0642\u064a\u0629<\/h3>\n\n\n\n<p>\u062a\u0639\u062a\u0628\u0631 \u0634\u0631\u0643\u0629 VTC \u0627\u0644\u0645\u062a\u0637\u0648\u0631\u0629 \u0644\u062f\u064a\u0646\u0627 \u0634\u0631\u064a\u0643\u064b\u0627 \u0645\u0646\u062a\u0638\u0645\u064b\u0627 \u0644\u0644\u0645\u062d\u0637\u0627\u062a \u0627\u0644\u062a\u0627\u0644\u064a\u0629:<\/p>\n\n\n\n<ul class=\"wp-block-list\">\n<li><strong>\u0645\u062d\u0637\u0629 \u0642\u0637\u0627\u0631 \u062c\u0646\u064a\u0641 \u2194 \u0643\u0648\u0631\u0634\u0648\u0641\u064a\u0644- \u0645\u064a\u0631\u064a\u0628\u064a\u0644 \u2013 \u0641\u0627\u0644 \u062a\u0648\u0631\u064a\u0646<\/strong> <\/li>\n\n\n\n<li><strong>\u0645\u062d\u0637\u0629 \u0645\u0637\u0627\u0631 \u062c\u0646\u064a\u0641 \u2194 \u0643\u0648\u0631\u0634\u0648\u0641\u064a\u0644- \u0645\u064a\u0631\u064a\u0628\u064a\u0644 \u2013 \u0641\u0627\u0644 \u062a\u0648\u0631\u064a\u0646<\/strong> <\/li>\n\n\n\n<li><strong>\u0645\u062d\u0637\u0629 \u0634\u0627\u0645\u0628\u064a\u0631\u064a \u2194 \u0643\u0648\u0631\u0634\u0648\u0641\u064a\u0644- \u0645\u064a\u0631\u064a\u0628\u064a\u0644 \u2013 \u0641\u0627\u0644 \u062a\u0648\u0631\u064a\u0646<\/strong> <\/li>\n\n\n\n<li><strong>\u0645\u062d\u0637\u0629 \u0645\u0648\u062a\u064a\u064a\u0647 \u2194 \u0643\u0648\u0631\u0634\u0648\u0641\u064a\u0644- \u0645\u064a\u0631\u064a\u0628\u064a\u0644 \u2013 \u0641\u0627\u0644 \u062a\u0648\u0631\u064a\u0646<\/strong> <\/li>\n\n\n\n<li><strong>\u0645\u062d\u0637\u0629 \u0644\u064a\u0648\u0646 \u2194 \u0643\u0648\u0631\u0634\u0648\u0641\u064a\u0644- \u0645\u064a\u0631\u064a\u0628\u064a\u0644 \u2013 \u0641\u0627\u0644 \u062a\u0648\u0631\u064a\u0646<\/strong><\/li>\n\n\n\n<li><strong>\u0645\u062d\u0637\u0629 \u062a\u0648\u0631\u064a\u0646\u0648 \u2194 \u0643\u0648\u0631\u0634\u0648\u0641\u064a\u0644- \u0645\u064a\u0631\u064a\u0628\u064a\u0644 \u2013 \u0641\u0627\u0644 \u062a\u0648\u0631\u064a\u0646<\/strong> <\/li>\n\n\n\n<li><strong>\u0645\u062d\u0637\u0629 \u0645\u064a\u0644\u0627\u0646\u0648 \u2194 \u0643\u0648\u0631\u0634\u0648\u0641\u064a\u0644- \u0645\u064a\u0631\u064a\u0628\u064a\u0644 \u2013 \u0641\u0627\u0644 \u062a\u0648\u0631\u064a\u0646<\/strong> <\/li>\n<\/ul>\n\n\n\n<h3 class=\"wp-block-heading\">\u062e\u0628\u0631\u062a\u0646\u0627 \u0641\u064a \u0645\u062d\u0637\u0629 \u0627\u0644\u0642\u0637\u0627\u0631 \u2013 \u062e\u062f\u0645\u0627\u062a \u0627\u0644\u0646\u0642\u0644 \u0641\u064a \u0643\u0648\u0631\u0634\u0648\u0641\u064a\u0644<\/h3>\n\n\n\n<p>\u062a\u062a\u064a\u062d \u0644\u0646\u0627 \u062e\u0628\u0631\u062a\u0646\u0627 \u0636\u0645\u0627\u0646 \u0631\u062d\u0644\u0629 \u0639\u0627\u0644\u064a\u0629 \u0627\u0644\u062c\u0648\u062f\u0629 \u0645\u0646 \u0648\u0625\u0644\u0649 \u0627\u0644\u0645\u062d\u0637\u0627\u062a \u0641\u064a \u0641\u0631\u0646\u0633\u0627 \u0648\u0633\u0648\u064a\u0633\u0631\u0627 \u0648\u0625\u064a\u0637\u0627\u0644\u064a\u0627. \u0646\u062d\u0646 \u0646\u0639\u0631\u0641 \u0623\u0641\u0636\u0644 \u0627\u0644\u0637\u0631\u0642 \u0644\u0646\u0642\u062f\u0645 \u0644\u0643 \u062e\u062f\u0645\u0629 \u0646\u0642\u0644 \u0645\u0643\u0648\u0643\u064a\u0629 \u0622\u0645\u0646\u0629 \u0648\u0633\u0631\u064a\u0639\u0629. \u0647\u062f\u0641\u0646\u0627: \u062a\u062c\u0646\u0628 \u0623\u064a \u0636\u063a\u0648\u0637 \u0645\u0646 \u0623\u062c\u0644 \u062a\u0645\u062f\u064a\u062f \u0641\u0648\u0627\u0626\u062f \u0625\u0642\u0627\u0645\u062a\u0643 \u062d\u062a\u0649 \u0627\u0644\u0644\u062d\u0638\u0629 \u0627\u0644\u0623\u062e\u064a\u0631\u0629 \u0623\u0648 \u0627\u0644\u0627\u0633\u062a\u0645\u062a\u0627\u0639 \u0628\u0625\u062c\u0627\u0632\u062a\u0643 \u0641\u064a \u0623\u0633\u0631\u0639 \u0648\u0642\u062a \u0645\u0645\u0643\u0646.<\/p>\n\n\n\n<figure class=\"wp-block-image size-large\"><img fetchpriority=\"high\" decoding=\"async\" width=\"1024\" height=\"579\" src=\"https:\/\/taxivan.fr\/wp-content\/uploads\/2024\/06\/transfert-gare-courchevel-1024x579.jpg\" alt=\"\" class=\"wp-image-50\" srcset=\"https:\/\/taxivan.fr\/wp-content\/uploads\/2024\/06\/transfert-gare-courchevel-1024x579.jpg 1024w, https:\/\/taxivan.fr\/wp-content\/uploads\/2024\/06\/transfert-gare-courchevel-600x339.jpg 600w, https:\/\/taxivan.fr\/wp-content\/uploads\/2024\/06\/transfert-gare-courchevel-300x170.jpg 300w, https:\/\/taxivan.fr\/wp-content\/uploads\/2024\/06\/transfert-gare-courchevel-768x434.jpg 768w, https:\/\/taxivan.fr\/wp-content\/uploads\/2024\/06\/transfert-gare-courchevel-170x96.jpg 170w, https:\/\/taxivan.fr\/wp-content\/uploads\/2024\/06\/transfert-gare-courchevel-110x62.jpg 110w, https:\/\/taxivan.fr\/wp-content\/uploads\/2024\/06\/transfert-gare-courchevel.jpg 1400w\" sizes=\"(max-width: 1024px) 100vw, 1024px\" \/><\/figure>\n\n\n\n<h3 class=\"wp-block-heading\">\u0627\u0644\u0627\u0633\u062a\u0642\u0628\u0627\u0644 \u0641\u064a \u0627\u0644\u0645\u062d\u0637\u0629 \u0628\u0633\u064a\u0627\u0631\u0629 \u0623\u062c\u0631\u0629 \u0628\u062f\u064a\u0644\u0629 \u0625\u0644\u0649 \u0643\u0648\u0631\u0634\u0648\u0641\u064a\u0644<\/h3>\n\n\n\n<p>\u0646\u0646\u0635\u062d\u0643 \u0628\u062d\u062c\u0632 VTC \u0627\u0644\u062e\u0627\u0635 \u0628\u0643. \u0633\u0648\u0641 \u064a\u062e\u0644\u0635\u0643 \u0627\u0644\u062a\u0631\u062d\u064a\u0628 \u0627\u0644\u0634\u062e\u0635\u064a \u0645\u0646 \u0623\u064a \u0636\u063a\u0648\u0637\u060c \u0648\u0633\u064a\u062a\u0645 \u062a\u0646\u0641\u064a\u0630 \u0646\u0642\u0644\u0643 \u0625\u0644\u0649 \u0645\u0643\u0627\u0646 \u0625\u0642\u0627\u0645\u062a\u0643 \u0628\u0643\u0641\u0627\u0621\u0629 \u0648\u0633\u0644\u0627\u0633\u0629.&nbsp;<\/p>\n\n\n\n<h3 class=\"wp-block-heading\">\u0627\u0644\u0645\u063a\u0627\u062f\u0631\u0629 \u0625\u0644\u0649 \u0627\u0644\u0645\u062d\u0637\u0629 \u0628\u0633\u064a\u0627\u0631\u0629 \u0627\u0644\u0623\u062c\u0631\u0629 \u0627\u0644\u0628\u062f\u064a\u0644\u0629 \u0641\u064a \u0643\u0648\u0631\u0634\u0648\u0641\u064a\u0644<\/h3>\n\n\n\n<p>\u0641\u064a \u0646\u0647\u0627\u064a\u0629 \u0625\u062c\u0627\u0632\u062a\u0643\u060c \u0633\u064a\u062a\u0645 \u0636\u0645\u0627\u0646 \u0646\u0642\u0644\u0643 \u0628\u0646\u0641\u0633 \u0634\u0631\u0648\u0637 \u0627\u0644\u062c\u0648\u062f\u0629. \u0623\u0646\u062a \u062a\u0633\u0645\u062d \u0644\u0646\u0641\u0633\u0643 \u0628\u0627\u0644\u0642\u064a\u0627\u062f\u0629 \u062f\u0648\u0646 \u0623\u064a \u0636\u063a\u0648\u0637\u060c \u062d\u064a\u062b \u0642\u0627\u0645 \u0633\u0627\u0626\u0642\u0643 \u0628\u062a\u0642\u062f\u064a\u0631 \u0647\u0627\u0645\u0634 \u0627\u0644\u0623\u0645\u0627\u0646 \u0644\u064a\u0636\u0645\u0646 \u0644\u0643 \u0648\u0642\u062a\u064b\u0627 \u0643\u0627\u0641\u064a\u064b\u0627 \u0644\u0644\u0635\u0639\u0648\u062f \u0625\u0644\u0649 \u0627\u0644\u0637\u0627\u0626\u0631\u0629 \u0644\u062a\u062c\u0646\u0628 \u0623\u064a \u0636\u063a\u0648\u0637.<\/p>\n\n\n\n<p>\u0625\u0646 \u0627\u062e\u062a\u064a\u0627\u0631 \u0634\u0631\u0643\u0629 \u0633\u064a\u0627\u0631\u0627\u062a \u0627\u0644\u0623\u062c\u0631\u0629 VAN \u0630\u0627\u062a 7 \u0645\u0642\u0627\u0639\u062f \u064a\u0636\u0645\u0646 \u0644\u0643 \u0631\u062d\u0644\u0627\u062a \u0645\u0648\u062b\u0648\u0642\u0629 \u0628\u0631\u0627\u062d\u0629 \u0645\u062b\u0627\u0644\u064a\u0629. \u0644\u0627 \u062a\u062a\u0631\u062f\u062f !<\/p>","protected":false},"excerpt":{"rendered":"<p>Transfert Chauffeur de Taxi VTC entre Courchevel et les Gares de Gen\u00e8ve, Chamb\u00e9ry, Lyon, Annecy, Mo\u00fbtiers, Turin ou Milan Votre [&hellip;]<\/p>","protected":false},"author":1,"featured_media":50,"parent":0,"menu_order":0,"comment_status":"closed","ping_status":"closed","template":"","meta":{"site-sidebar-layout":"default","site-content-layout":"","ast-site-content-layout":"default","site-content-style":"default","site-sidebar-style":"default","ast-global-header-display":"","ast-banner-title-visibility":"","ast-main-header-display":"","ast-hfb-above-header-display":"","ast-hfb-below-header-display":"","ast-hfb-mobile-header-display":"","site-post-title":"","ast-breadcrumbs-content":"","ast-featured-img":"","footer-sml-layout":"","theme-transparent-header-meta":"","adv-header-id-meta":"","stick-header-meta":"","header-above-stick-meta":"","header-main-stick-meta":"","header-below-stick-meta":"","astra-migrate-meta-layouts":"default","ast-page-background-enabled":"default","ast-page-background-meta":{"desktop":{"background-color":"var(--ast-global-color-4)","background-image":"","background-repeat":"repeat","background-position":"center center","background-size":"auto","background-attachment":"scroll","background-type":"","background-media":"","overlay-type":"","overlay-color":"","overlay-opacity":"","overlay-gradient":""},"tablet":{"background-color":"","background-image":"","background-repeat":"repeat","background-position":"center center","background-size":"auto","background-attachment":"scroll","background-type":"","background-media":"","overlay-type":"","overlay-color":"","overlay-opacity":"","overlay-gradient":""},"mobile":{"background-color":"","background-image":"","background-repeat":"repeat","background-position":"center center","background-size":"auto","background-attachment":"scroll","background-type":"","background-media":"","overlay-type":"","overlay-color":"","overlay-opacity":"","overlay-gradient":""}},"ast-content-background-meta":{"desktop":{"background-color":"var(--ast-global-color-5)","background-image":"","background-repeat":"repeat","background-position":"center center","background-size":"auto","background-attachment":"scroll","background-type":"","background-media":"","overlay-type":"","overlay-color":"","overlay-opacity":"","overlay-gradient":""},"tablet":{"background-color":"var(--ast-global-color-5)","background-image":"","background-repeat":"repeat","background-position":"center center","background-size":"auto","background-attachment":"scroll","background-type":"","background-media":"","overlay-type":"","overlay-color":"","overlay-opacity":"","overlay-gradient":""},"mobile":{"background-color":"var(--ast-global-color-5)","background-image":"","background-repeat":"repeat","background-position":"center center","background-size":"auto","background-attachment":"scroll","background-type":"","background-media":"","overlay-type":"","overlay-color":"","overlay-opacity":"","overlay-gradient":""}},"footnotes":""},"class_list":["post-49","page","type-page","status-publish","has-post-thumbnail","hentry"],"jetpack_sharing_enabled":true,"_links":{"self":[{"href":"https:\/\/taxivan.fr\/ar\/wp-json\/wp\/v2\/pages\/49","targetHints":{"allow":["GET"]}}],"collection":[{"href":"https:\/\/taxivan.fr\/ar\/wp-json\/wp\/v2\/pages"}],"about":[{"href":"https:\/\/taxivan.fr\/ar\/wp-json\/wp\/v2\/types\/page"}],"author":[{"embeddable":true,"href":"https:\/\/taxivan.fr\/ar\/wp-json\/wp\/v2\/users\/1"}],"replies":[{"embeddable":true,"href":"https:\/\/taxivan.fr\/ar\/wp-json\/wp\/v2\/comments?post=49"}],"version-history":[{"count":5,"href":"https:\/\/taxivan.fr\/ar\/wp-json\/wp\/v2\/pages\/49\/revisions"}],"predecessor-version":[{"id":345,"href":"https:\/\/taxivan.fr\/ar\/wp-json\/wp\/v2\/pages\/49\/revisions\/345"}],"wp:featuredmedia":[{"embeddable":true,"href":"https:\/\/taxivan.fr\/ar\/wp-json\/wp\/v2\/media\/50"}],"wp:attachment":[{"href":"https:\/\/taxivan.fr\/ar\/wp-json\/wp\/v2\/media?parent=49"}],"curies":[{"name":"wp","href":"https:\/\/api.w.org\/{rel}","templated":true}]}}