{"id":52,"date":"2024-06-25T18:21:16","date_gmt":"2024-06-25T16:21:16","guid":{"rendered":"https:\/\/taxivan.fr\/?page_id=52"},"modified":"2024-06-25T18:39:07","modified_gmt":"2024-06-25T16:39:07","slug":"%d8%a7%d8%aa%d8%b5%d8%a7%d9%84","status":"publish","type":"page","link":"https:\/\/taxivan.fr\/ar\/%d8%a7%d8%aa%d8%b5%d8%a7%d9%84","title":{"rendered":"\u0627\u062a\u0635\u0627\u0644"},"content":{"rendered":"<div class=\"wp-block-cover alignfull is-light\" style=\"min-height:498px;aspect-ratio:unset;\"><span aria-hidden=\"true\" class=\"wp-block-cover__background has-background-dim-100 has-background-dim\" style=\"background-color:#ffffff\"><\/span><div class=\"wp-block-cover__inner-container is-layout-flow wp-block-cover-is-layout-flow\">\n<div class=\"wp-block-media-text alignwide is-stacked-on-mobile is-vertically-aligned-center is-image-fill\" style=\"grid-template-columns:56% auto\"><figure class=\"wp-block-media-text__media\" style=\"background-image:url(https:\/\/taxivan.fr\/wp-content\/uploads\/2024\/06\/Courchevel_1850.jpg);background-position:50% 50%\"><img decoding=\"async\" width=\"280\" height=\"157\" src=\"https:\/\/taxivan.fr\/wp-content\/uploads\/2024\/06\/Courchevel_1850.jpg\" alt=\"\" class=\"wp-image-54 size-full\" srcset=\"https:\/\/taxivan.fr\/wp-content\/uploads\/2024\/06\/Courchevel_1850.jpg 280w, https:\/\/taxivan.fr\/wp-content\/uploads\/2024\/06\/Courchevel_1850-170x95.jpg 170w, https:\/\/taxivan.fr\/wp-content\/uploads\/2024\/06\/Courchevel_1850-110x62.jpg 110w\" sizes=\"(max-width: 280px) 100vw, 280px\" \/><\/figure><div class=\"wp-block-media-text__content\">\n<h2 class=\"wp-block-heading has-black-color has-white-background-color has-text-color has-background\" style=\"font-size:32px\"><strong>\u062a\u0648\u0627\u0635\u0644 \u0645\u0639 \u0633\u0627\u0626\u0642 \u0633\u064a\u0627\u0631\u0629 \u0627\u0644\u0623\u062c\u0631\u0629 \u0627\u0644\u062e\u0627\u0635 \u0628\u0643 \u0641\u064a \u0643\u0648\u0631\u0634\u0648\u0641\u064a\u0644!<br><\/strong><\/h2>\n\n\n\n<p class=\"has-text-color\" style=\"color:#000000;font-size:17px\">\u062c\u0645\u064a\u0639 \u0631\u062d\u0644\u0627\u062a\u0643 \u0625\u0644\u0649 \u0643\u0648\u0631\u0634\u0648\u0641\u064a\u0644\u060c \u0645\u064a\u0631\u064a\u0628\u064a\u0644\u060c \u062a\u0627\u0646\u064a\u0627 \u0648\u0641\u0627\u0644 \u062a\u0648\u0631\u064a\u0646 \u0628\u0633\u064a\u0627\u0631\u0629 \u0627\u0644\u0623\u062c\u0631\u0629<\/p>\n\n\n\n<div class=\"wp-block-buttons is-layout-flex wp-block-buttons-is-layout-flex\">\n<div class=\"wp-block-button is-style-fill\"><a class=\"wp-block-button__link wp-element-button\" href=\"https:\/\/taxivan.fr\/ar\/#wpcf7-f53-p52-o1\">\u0627\u062a\u0635\u0627\u0644<\/a><\/div>\n<\/div>\n<\/div><\/div>\n<\/div><\/div>\n\n\n\n<div class=\"wpcf7 no-js\" id=\"wpcf7-f53-o1\" lang=\"fr-FR\" dir=\"ltr\" data-wpcf7-id=\"53\">\n<div class=\"screen-reader-response\"><p role=\"status\" aria-live=\"polite\" aria-atomic=\"true\"><\/p> <ul><\/ul><\/div>\n<form action=\"\/ar\/wp-json\/wp\/v2\/pages\/52#wpcf7-f53-o1\" method=\"post\" class=\"wpcf7-form init\" aria-label=\"Formulaire de contact\" novalidate=\"novalidate\" data-status=\"init\" data-trp-original-action=\"\/ar\/wp-json\/wp\/v2\/pages\/52#wpcf7-f53-o1\">\n<fieldset class=\"hidden-fields-container\"><input type=\"hidden\" name=\"_wpcf7\" value=\"53\" \/><input type=\"hidden\" name=\"_wpcf7_version\" value=\"6.1.3\" \/><input type=\"hidden\" name=\"_wpcf7_locale\" value=\"fr_FR\" \/><input type=\"hidden\" name=\"_wpcf7_unit_tag\" value=\"wpcf7-f53-o1\" \/><input type=\"hidden\" name=\"_wpcf7_container_post\" value=\"0\" \/><input type=\"hidden\" name=\"_wpcf7_posted_data_hash\" value=\"\" \/><input type=\"hidden\" name=\"_wpcf7_key\" value=\"formulaire-de-contact-1\" \/><input type=\"hidden\" name=\"_cf7sg_toggles\" value=\"\" \/><input type=\"hidden\" name=\"_cf7sg_version\" value=\"4.15.8\" \/><input type=\"hidden\" name=\"_wpnonce\" value=\"a57a005021\" \/>\n<\/fieldset>\n<p><label> \u0627\u0633\u0645\u0643 <\/label><br \/>\n<span class=\"wpcf7-form-control-wrap\" data-name=\"your-name\"><input size=\"40\" maxlength=\"400\" class=\"wpcf7-form-control wpcf7-text wpcf7-validates-as-required\" autocomplete=\"name\" aria-required=\"true\" aria-invalid=\"false\" value=\"\" type=\"text\" name=\"your-name\" \/><\/span>\n<\/p>\n<p><label> \u0628\u0631\u064a\u062f\u0643 \u0627\u0644\u0625\u0644\u0643\u062a\u0631\u0648\u0646\u064a <\/label><br \/>\n<span class=\"wpcf7-form-control-wrap\" data-name=\"your-email\"><input size=\"40\" maxlength=\"400\" class=\"wpcf7-form-control wpcf7-email wpcf7-validates-as-required wpcf7-text wpcf7-validates-as-email\" autocomplete=\"email\" aria-required=\"true\" aria-invalid=\"false\" value=\"\" type=\"email\" name=\"your-email\" \/><\/span>\n<\/p>\n<p><label> \u0628\u0627\u0644\u0645\u0648\u0636\u0648\u0639 <\/label><br \/>\n<span class=\"wpcf7-form-control-wrap\" data-name=\"your-subject\"><input size=\"40\" maxlength=\"400\" class=\"wpcf7-form-control wpcf7-text wpcf7-validates-as-required\" aria-required=\"true\" aria-invalid=\"false\" value=\"\" type=\"text\" name=\"your-subject\" \/><\/span>\n<\/p>\n<p><label> \u0631\u0633\u0627\u0644\u062a\u0643 (\u0627\u062e\u062a\u064a\u0627\u0631\u064a) <\/label><br \/>\n<span class=\"wpcf7-form-control-wrap\" data-name=\"your-message\"><textarea cols=\"40\" rows=\"10\" maxlength=\"2000\" class=\"wpcf7-form-control wpcf7-textarea\" aria-invalid=\"false\" name=\"your-message\"><\/textarea><\/span>\n<\/p>\n<p><input class=\"wpcf7-form-control wpcf7-submit has-spinner\" type=\"submit\" value=\"\u064a\u0631\u0633\u0644\" \/>\n<\/p><div class=\"wpcf7-response-output\" aria-hidden=\"true\"><\/div>\n<input type=\"hidden\" name=\"trp-form-language\" value=\"ar\"\/><\/form>\n<\/div>\n\n\n\n\n<h2 class=\"wp-block-heading\">\u0627\u062a\u0635\u0644 \u0628\u0633\u0627\u0626\u0642 \u0633\u064a\u0627\u0631\u0629 \u0627\u0644\u0623\u062c\u0631\u0629 \u0627\u0644\u062e\u0627\u0635 \u0628\u0643 \u0641\u064a \u0643\u0648\u0631\u0634\u0648\u0641\u064a\u0644!<\/h2>\n\n\n\n<p>\u0644\u062c\u0645\u064a\u0639 \u0631\u062d\u0644\u0627\u062a\u0643 \u0625\u0644\u0649 \u0643\u0648\u0631\u0634\u0648\u0641\u064a\u0644 \u0648\u0645\u064a\u0631\u064a\u0628\u064a\u0644 \u0648\u0641\u0627\u0644 \u062a\u0648\u0631\u064a\u0646 \u0648\u0644\u0627 \u062a\u0627\u0646\u064a\u0627 \u0628\u0633\u064a\u0627\u0631\u0629 \u0627\u0644\u0623\u062c\u0631\u0629\u060c \u0627\u062a\u0635\u0644 \u0628\u0634\u0631\u0643\u062a\u0646\u0627. \u0644\u062d\u062c\u0632 \u0633\u064a\u0627\u0631\u0629 \u0627\u0644\u0623\u062c\u0631\u0629 \u0627\u0644\u062e\u0627\u0635\u0629 \u0628\u0643 \u0641\u064a \u0643\u0648\u0631\u0634\u0648\u0641\u064a\u0644\u060c \u0627\u062a\u0635\u0644 \u0628\u0646\u0627 \u0645\u0628\u0627\u0634\u0631\u0629 \u0644\u0627\u0643\u062a\u0634\u0627\u0641 \u062e\u062f\u0645\u0627\u062a\u0646\u0627 \u0627\u0644\u0631\u0627\u0642\u064a\u0629 \u0648\u0643\u0644 \u0645\u0627 \u064a\u0645\u0643\u0646\u0646\u0627 \u062a\u0642\u062f\u064a\u0645\u0647 \u0644\u0643. \u062e\u062f\u0645\u0629 \u0627\u0644\u0646\u0642\u0644 \u0644\u062f\u064a\u0646\u0627 \u0628\u0633\u064a\u0637\u0629 \u0648\u0634\u0641\u0627\u0641\u0629 \u0648\u0641\u0639\u0627\u0644\u0629. \u0645\u0639\u0646\u0627\u060c \u0644\u0627 \u0645\u0641\u0627\u062c\u0622\u062a: \u0633\u062a\u0635\u0644 \u0625\u0644\u0649 \u0648\u062c\u0647\u062a\u0643 \u0641\u064a \u0627\u0644\u0648\u0642\u062a \u0627\u0644\u0645\u062d\u062f\u062f.<\/p>\n\n\n\n<p>\u0642\u0627\u0645\u062a \u0634\u0631\u0643\u0629 \u0633\u064a\u0627\u0631\u0627\u062a \u0627\u0644\u0623\u062c\u0631\u0629 \u0644\u062f\u064a\u0646\u0627 \u0641\u064a \u0643\u0648\u0631\u0634\u0648\u0641\u064a\u0644 \u0628\u062a\u0637\u0648\u064a\u0631 \u0645\u062c\u0645\u0648\u0639\u0629 \u0643\u0627\u0645\u0644\u0629 \u0645\u0646 \u0627\u0644\u062e\u062f\u0645\u0627\u062a \u0644\u062a\u0644\u0628\u064a\u0629 \u062c\u0645\u064a\u0639 \u0627\u062d\u062a\u064a\u0627\u062c\u0627\u062a\u0643. \u0646\u062d\u0646 \u0646\u0636\u0645\u0646 \u0627\u0646\u062a\u0642\u0627\u0644\u0627\u062a\u0643 \u0628\u064a\u0646 \u0645\u0637\u0627\u0631\u0627\u062a \u062c\u0646\u064a\u0641 \u0648\u0644\u064a\u0648\u0646 \u0633\u0627\u0646\u062a \u0625\u0643\u0632\u0648\u0628\u064a\u0631\u064a \u0648\u0634\u0627\u0645\u0628\u064a\u0631\u064a \u0633\u0627\u0641\u0648\u064a \u0648\u0622\u0646\u0633\u064a \u0644\u064a\u0645\u0627\u0646 \u0648\u0627\u0644\u0645\u0646\u062a\u062c\u0639\u0627\u062a. \u0646\u0631\u062d\u0628 \u0628\u0643 \u0645\u0628\u0627\u0634\u0631\u0629 \u0641\u064a \u0627\u0644\u0645\u0637\u0627\u0631 \u0628\u0639\u0644\u0627\u0645\u0629 \u062a\u062d\u0645\u0644 \u0627\u0633\u0645\u0643\u060c \u062b\u0645 \u0646\u0646\u0642\u0644\u0643 \u0625\u0644\u0649 \u0641\u0646\u062f\u0642\u0643 \u062f\u0648\u0646 \u062a\u0623\u062e\u064a\u0631. \u0627\u0633\u062a\u0645\u062a\u0639 \u0628\u0631\u062d\u0644\u0629 \u0645\u0631\u064a\u062d\u0629 \u0641\u064a \u0633\u064a\u0627\u0631\u0629 \u0641\u0633\u064a\u062d\u0629 \u0645\u062c\u0647\u0632\u0629 \u0628\u0627\u0644\u0639\u062f\u064a\u062f \u0645\u0646 \u0627\u0644\u062e\u062f\u0645\u0627\u062a \u0639\u0644\u0649 \u0645\u062a\u0646\u0647\u0627: \u0627\u0644\u0645\u064a\u0627\u0647 \u0627\u0644\u0645\u0639\u0628\u0623\u0629 \u0648\u0634\u0648\u0627\u062d\u0646 \u0627\u0644\u0647\u0627\u062a\u0641 \u0648\u0623\u062c\u0647\u0632\u0629 iPhone\u060c \u0628\u0627\u0644\u0625\u0636\u0627\u0641\u0629 \u0625\u0644\u0649 \u0623\u062f\u0644\u0629 \u0644\u0644\u0645\u0646\u0637\u0642\u0629. \u064a\u0642\u062f\u0645 \u0633\u0627\u0626\u0642\u0646\u0627\u060c \u0627\u0644\u0630\u064a \u064a\u062a\u062d\u062f\u062b \u062b\u0644\u0627\u062b \u0644\u063a\u0627\u062a \u0627\u0644\u0641\u0631\u0646\u0633\u064a\u0629\/\u0627\u0644\u0625\u0646\u062c\u0644\u064a\u0632\u064a\u0629\/\u0627\u0644\u0631\u0648\u0633\u064a\u0629\u060c \u062e\u062f\u0645\u0629 \u0645\u062a\u0645\u064a\u0632\u0629. \u0633\u0648\u0641 \u062a\u0633\u0627\u0641\u0631 \u0641\u064a \u0645\u0643\u0627\u0646 \u0645\u0631\u064a\u062d \u0628\u064a\u0646\u0645\u0627 \u062a\u0633\u062a\u0645\u062a\u0639 \u0628\u0627\u0644\u0645\u0646\u0627\u0638\u0631 \u0627\u0644\u0637\u0628\u064a\u0639\u064a\u0629 \u0627\u0644\u0631\u0627\u0626\u0639\u0629 \u0641\u064a \u0627\u0644\u0645\u0646\u0637\u0642\u0629.<\/p>\n\n\n\n<p>\u0646\u0642\u062f\u0645 \u0623\u064a\u0636\u064b\u0627 \u062e\u062f\u0645\u0629 \u0627\u0644\u0646\u0642\u0644 \u0645\u0646 \u0627\u0644\u0645\u062d\u0637\u0627\u062a \u0627\u0644\u0631\u0626\u064a\u0633\u064a\u0629 \u0641\u064a \u0627\u0644\u0645\u0646\u0637\u0642\u0629: \u0634\u0627\u0645\u0628\u064a\u0631\u064a - \u0634\u0627\u0644\u064a\u0647 \u0644\u064a\u0647 \u0623\u0648\u060c \u0648\u0644\u064a\u0648\u0646 \u0628\u0627\u0631\u062a \u062f\u064a\u0648\u060c \u0648\u062c\u0646\u064a\u0641\u060c \u0648\u0622\u0646\u0633\u064a\u060c \u0648\u0645\u0648\u062a\u064a\u064a\u0647.<\/p>\n\n\n\n<p>\u062c\u0645\u064a\u0639 \u062e\u062f\u0645\u0627\u062a \u0633\u064a\u0627\u0631\u0627\u062a \u0627\u0644\u0623\u062c\u0631\u0629 \u0644\u062f\u064a\u0646\u0627 \u0641\u064a \u0643\u0648\u0631\u0634\u0648\u0641\u064a\u0644 \u0648\u0633\u0627\u0641\u0648\u064a \u062a\u062d\u062a \u062a\u0635\u0631\u0641\u0643\u0645. \u0628\u0627\u0644\u0646\u0633\u0628\u0629 \u0644\u0644\u0648\u0627\u0635\u0644\u064a\u0646 \u0625\u0644\u0649 Courchevel Altiport\u060c \u0633\u062a\u0642\u0648\u0645 \u0633\u064a\u0627\u0631\u0629 \u0627\u0644\u0623\u062c\u0631\u0629 \u0627\u0644\u062e\u0627\u0635\u0629 \u0628\u0646\u0627 \u0628\u0646\u0642\u0644\u0643 \u0645\u0628\u0627\u0634\u0631\u0629 \u0639\u0646\u062f \u0648\u0635\u0648\u0644\u0643. \u064a\u0642\u0639 \u0645\u0642\u0631\u0646\u0627 \u0641\u064a \u0642\u0644\u0628 \u0627\u0644\u0645\u0646\u062a\u062c\u0639\u060c \u0648\u0646\u062d\u0646 \u0646\u0636\u0645\u0646 \u0627\u0644\u0633\u0641\u0631 \u0627\u0644\u0633\u0631\u064a\u0639 \u062d\u062a\u0649 \u0641\u064a \u0627\u0644\u0644\u062d\u0638\u0629 \u0627\u0644\u0623\u062e\u064a\u0631\u0629.<\/p>\n\n\n\n<p>\u064a\u0645\u0643\u0646\u0643 \u0627\u0644\u062d\u0635\u0648\u0644 \u0639\u0644\u0649 \u0627\u0644\u062b\u0642\u0629 \u0627\u0644\u0643\u0627\u0645\u0644\u0629 \u0641\u064a \u062e\u062f\u0645\u0627\u062a \u0633\u064a\u0627\u0631\u0627\u062a \u0627\u0644\u0623\u062c\u0631\u0629 \u0644\u062f\u064a\u0646\u0627 \u0648\u062c\u0648\u062f\u0629 \u0627\u0644\u062e\u062f\u0645\u0629 \u0627\u0644\u062a\u064a \u0646\u0642\u062f\u0645\u0647\u0627. \u0627\u0644\u0627\u0631\u062a\u064a\u0627\u062d \u0627\u0644\u062e\u0627\u0635 \u0628\u0643 \u0647\u0648 \u0639\u0644\u0649 \u0631\u0623\u0633 \u0623\u0648\u0644\u0648\u064a\u0627\u062a\u0646\u0627. \u062a\u0630\u0643\u0631 \u0623\u064a\u0636\u064b\u0627 \u0623\u0646 \u062a\u062d\u062c\u0632 \u0639\u0648\u062f\u062a\u0643 \u0645\u0639\u0646\u0627.<\/p>\n\n\n\n<p>\u0633\u0646\u0643\u0648\u0646 \u0633\u0639\u062f\u0627\u0621 \u0628\u0627\u0633\u062a\u0642\u0628\u0627\u0644\u0643 \u0639\u0644\u0649 \u0645\u062a\u0646 \u0627\u0644\u0637\u0627\u0626\u0631\u0629 \u0644\u0631\u062d\u0644\u062a\u0643 \u0627\u0644\u0642\u0627\u062f\u0645\u0629 \u0648\u0627\u0644\u0645\u0633\u0627\u0647\u0645\u0629 \u0641\u064a \u0646\u062c\u0627\u062d \u0645\u0634\u0627\u0631\u064a\u0639\u0643\u060c \u0633\u0648\u0627\u0621 \u0644\u0642\u0636\u0627\u0621 \u0625\u062c\u0627\u0632\u062a\u0643 \u0623\u0648 \u0631\u062d\u0644\u0627\u062a \u0639\u0645\u0644\u0643.<\/p>","protected":false},"excerpt":{"rendered":"<p>Contactez votre chauffeur de Taxi \u00e0 Courchevel ! Pour tous vos d\u00e9placements \u00e0 Courchevel, M\u00e9ribel, Val-Thorens et La Tania en [&hellip;]<\/p>","protected":false},"author":1,"featured_media":0,"parent":0,"menu_order":0,"comment_status":"closed","ping_status":"closed","template":"","meta":{"site-sidebar-layout":"default","site-content-layout":"","ast-site-content-layout":"default","site-content-style":"default","site-sidebar-style":"default","ast-global-header-display":"","ast-banner-title-visibility":"","ast-main-header-display":"","ast-hfb-above-header-display":"","ast-hfb-below-header-display":"","ast-hfb-mobile-header-display":"","site-post-title":"","ast-breadcrumbs-content":"","ast-featured-img":"","footer-sml-layout":"","theme-transparent-header-meta":"","adv-header-id-meta":"","stick-header-meta":"","header-above-stick-meta":"","header-main-stick-meta":"","header-below-stick-meta":"","astra-migrate-meta-layouts":"default","ast-page-background-enabled":"default","ast-page-background-meta":{"desktop":{"background-color":"var(--ast-global-color-4)","background-image":"","background-repeat":"repeat","background-position":"center center","background-size":"auto","background-attachment":"scroll","background-type":"","background-media":"","overlay-type":"","overlay-color":"","overlay-opacity":"","overlay-gradient":""},"tablet":{"background-color":"","background-image":"","background-repeat":"repeat","background-position":"center center","background-size":"auto","background-attachment":"scroll","background-type":"","background-media":"","overlay-type":"","overlay-color":"","overlay-opacity":"","overlay-gradient":""},"mobile":{"background-color":"","background-image":"","background-repeat":"repeat","background-position":"center center","background-size":"auto","background-attachment":"scroll","background-type":"","background-media":"","overlay-type":"","overlay-color":"","overlay-opacity":"","overlay-gradient":""}},"ast-content-background-meta":{"desktop":{"background-color":"var(--ast-global-color-5)","background-image":"","background-repeat":"repeat","background-position":"center center","background-size":"auto","background-attachment":"scroll","background-type":"","background-media":"","overlay-type":"","overlay-color":"","overlay-opacity":"","overlay-gradient":""},"tablet":{"background-color":"var(--ast-global-color-5)","background-image":"","background-repeat":"repeat","background-position":"center center","background-size":"auto","background-attachment":"scroll","background-type":"","background-media":"","overlay-type":"","overlay-color":"","overlay-opacity":"","overlay-gradient":""},"mobile":{"background-color":"var(--ast-global-color-5)","background-image":"","background-repeat":"repeat","background-position":"center center","background-size":"auto","background-attachment":"scroll","background-type":"","background-media":"","overlay-type":"","overlay-color":"","overlay-opacity":"","overlay-gradient":""}},"footnotes":""},"class_list":["post-52","page","type-page","status-publish","hentry"],"jetpack_sharing_enabled":true,"_links":{"self":[{"href":"https:\/\/taxivan.fr\/ar\/wp-json\/wp\/v2\/pages\/52","targetHints":{"allow":["GET"]}}],"collection":[{"href":"https:\/\/taxivan.fr\/ar\/wp-json\/wp\/v2\/pages"}],"about":[{"href":"https:\/\/taxivan.fr\/ar\/wp-json\/wp\/v2\/types\/page"}],"author":[{"embeddable":true,"href":"https:\/\/taxivan.fr\/ar\/wp-json\/wp\/v2\/users\/1"}],"replies":[{"embeddable":true,"href":"https:\/\/taxivan.fr\/ar\/wp-json\/wp\/v2\/comments?post=52"}],"version-history":[{"count":5,"href":"https:\/\/taxivan.fr\/ar\/wp-json\/wp\/v2\/pages\/52\/revisions"}],"predecessor-version":[{"id":61,"href":"https:\/\/taxivan.fr\/ar\/wp-json\/wp\/v2\/pages\/52\/revisions\/61"}],"wp:attachment":[{"href":"https:\/\/taxivan.fr\/ar\/wp-json\/wp\/v2\/media?parent=52"}],"curies":[{"name":"wp","href":"https:\/\/api.w.org\/{rel}","templated":true}]}}