{"id":49,"date":"2024-06-25T17:10:10","date_gmt":"2024-06-25T15:10:10","guid":{"rendered":"https:\/\/taxivan.fr\/?page_id=49"},"modified":"2024-07-10T11:40:27","modified_gmt":"2024-07-10T09:40:27","slug":"courchevel-station-transfer","status":"publish","type":"page","link":"https:\/\/taxivan.fr\/en\/courchevel-station-transfer","title":{"rendered":"Courchevel station transfer"},"content":{"rendered":"<h2 class=\"wp-block-heading\">Transfer by VTC Taxi Driver between Courchevel and Geneva, Chamb\u00e9ry, Lyon, Annecy, Mo\u00fbtiers, Turin or Milan Stations<\/h2>\n\n\n\n<h3 class=\"wp-block-heading\">Your Courchevel Taxi Van Driver: Transfers to and from all stations<\/h3>\n\n\n\n<p>Courchevel Taxi Van can also pick you up when you get off the train at any of the stations listed below. The same services are of course available.<\/p>\n\n\n\n<h2 class=\"wp-block-heading\">Chauffeur-driven transfers from Alternative Taxi to stations<\/h2>\n\n\n\n<h3 class=\"wp-block-heading\">Experience and Reliability<\/h3>\n\n\n\n<p>Our top-of-the-range VTC company is a regular partner of the following stations:<\/p>\n\n\n\n<ul class=\"wp-block-list\">\n<li><strong>Geneva station \u2194 Courchevel- M\u00e9ribel - Val Thorens<\/strong> <\/li>\n\n\n\n<li><strong>Geneva Airport station \u2194 Courchevel- M\u00e9ribel - Val Thorens<\/strong> <\/li>\n\n\n\n<li><strong>Chamb\u00e9ry station \u2194 Courchevel- M\u00e9ribel - Val Thorens<\/strong> <\/li>\n\n\n\n<li><strong>Mo\u00fbtiers station \u2194 Courchevel- M\u00e9ribel - Val Thorens<\/strong> <\/li>\n\n\n\n<li><strong>Gare de Lyon \u2194 Courchevel- M\u00e9ribel - Val Thorens<\/strong><\/li>\n\n\n\n<li><strong>Torino station \u2194 Courchevel- M\u00e9ribel - Val Thorens<\/strong> <\/li>\n\n\n\n<li><strong>Milan station \u2194 Courchevel- M\u00e9ribel - Val Thorens<\/strong> <\/li>\n<\/ul>\n\n\n\n<h3 class=\"wp-block-heading\">Our expertise in station transfers - Courchevel<\/h3>\n\n\n\n<p>Our experience means we can guarantee you a quality journey to and from stations in France, Switzerland and Italy. We know the best routes to offer you a safe and fast shuttle. Our aim: to take all the stress out of your trip so that you can extend the benefits of your stay right up to the last minute, or enjoy your holiday as soon as possible.<\/p>\n\n\n\n<figure class=\"wp-block-image size-large\"><img fetchpriority=\"high\" decoding=\"async\" width=\"1024\" height=\"579\" src=\"https:\/\/taxivan.fr\/wp-content\/uploads\/2024\/06\/transfert-gare-courchevel-1024x579.jpg\" alt=\"\" class=\"wp-image-50\" srcset=\"https:\/\/taxivan.fr\/wp-content\/uploads\/2024\/06\/transfert-gare-courchevel-1024x579.jpg 1024w, https:\/\/taxivan.fr\/wp-content\/uploads\/2024\/06\/transfert-gare-courchevel-600x339.jpg 600w, https:\/\/taxivan.fr\/wp-content\/uploads\/2024\/06\/transfert-gare-courchevel-300x170.jpg 300w, https:\/\/taxivan.fr\/wp-content\/uploads\/2024\/06\/transfert-gare-courchevel-768x434.jpg 768w, https:\/\/taxivan.fr\/wp-content\/uploads\/2024\/06\/transfert-gare-courchevel-170x96.jpg 170w, https:\/\/taxivan.fr\/wp-content\/uploads\/2024\/06\/transfert-gare-courchevel-110x62.jpg 110w, https:\/\/taxivan.fr\/wp-content\/uploads\/2024\/06\/transfert-gare-courchevel.jpg 1400w\" sizes=\"(max-width: 1024px) 100vw, 1024px\" \/><\/figure>\n\n\n\n<h3 class=\"wp-block-heading\">Pick-up at the station with Alternative Taxi to Courchevel<\/h3>\n\n\n\n<p>We advise you to book your own VTC. A personalised welcome will take all the stress out of your transfer to your place of residence.&nbsp;<\/p>\n\n\n\n<h3 class=\"wp-block-heading\">Departure to a train station with your Courchevel Alternative Taxi<\/h3>\n\n\n\n<p>At the end of your holiday, your transfer will be provided under the same high-quality conditions. Your driver will have estimated a safety margin to guarantee you sufficient boarding time to avoid any stress.<\/p>\n\n\n\n<p>Choosing our VAN 7places taxi company guarantees you reliable journeys in exemplary comfort. Don't hesitate any longer!<\/p>","protected":false},"excerpt":{"rendered":"<p>Transfert Chauffeur de Taxi VTC entre Courchevel et les Gares de Gen\u00e8ve, Chamb\u00e9ry, Lyon, Annecy, Mo\u00fbtiers, Turin ou Milan Votre [&hellip;]<\/p>","protected":false},"author":1,"featured_media":50,"parent":0,"menu_order":0,"comment_status":"closed","ping_status":"closed","template":"","meta":{"site-sidebar-layout":"default","site-content-layout":"","ast-site-content-layout":"default","site-content-style":"default","site-sidebar-style":"default","ast-global-header-display":"","ast-banner-title-visibility":"","ast-main-header-display":"","ast-hfb-above-header-display":"","ast-hfb-below-header-display":"","ast-hfb-mobile-header-display":"","site-post-title":"","ast-breadcrumbs-content":"","ast-featured-img":"","footer-sml-layout":"","theme-transparent-header-meta":"","adv-header-id-meta":"","stick-header-meta":"","header-above-stick-meta":"","header-main-stick-meta":"","header-below-stick-meta":"","astra-migrate-meta-layouts":"default","ast-page-background-enabled":"default","ast-page-background-meta":{"desktop":{"background-color":"var(--ast-global-color-4)","background-image":"","background-repeat":"repeat","background-position":"center center","background-size":"auto","background-attachment":"scroll","background-type":"","background-media":"","overlay-type":"","overlay-color":"","overlay-opacity":"","overlay-gradient":""},"tablet":{"background-color":"","background-image":"","background-repeat":"repeat","background-position":"center center","background-size":"auto","background-attachment":"scroll","background-type":"","background-media":"","overlay-type":"","overlay-color":"","overlay-opacity":"","overlay-gradient":""},"mobile":{"background-color":"","background-image":"","background-repeat":"repeat","background-position":"center center","background-size":"auto","background-attachment":"scroll","background-type":"","background-media":"","overlay-type":"","overlay-color":"","overlay-opacity":"","overlay-gradient":""}},"ast-content-background-meta":{"desktop":{"background-color":"var(--ast-global-color-5)","background-image":"","background-repeat":"repeat","background-position":"center center","background-size":"auto","background-attachment":"scroll","background-type":"","background-media":"","overlay-type":"","overlay-color":"","overlay-opacity":"","overlay-gradient":""},"tablet":{"background-color":"var(--ast-global-color-5)","background-image":"","background-repeat":"repeat","background-position":"center center","background-size":"auto","background-attachment":"scroll","background-type":"","background-media":"","overlay-type":"","overlay-color":"","overlay-opacity":"","overlay-gradient":""},"mobile":{"background-color":"var(--ast-global-color-5)","background-image":"","background-repeat":"repeat","background-position":"center center","background-size":"auto","background-attachment":"scroll","background-type":"","background-media":"","overlay-type":"","overlay-color":"","overlay-opacity":"","overlay-gradient":""}},"footnotes":""},"class_list":["post-49","page","type-page","status-publish","has-post-thumbnail","hentry"],"jetpack_sharing_enabled":true,"_links":{"self":[{"href":"https:\/\/taxivan.fr\/en\/wp-json\/wp\/v2\/pages\/49","targetHints":{"allow":["GET"]}}],"collection":[{"href":"https:\/\/taxivan.fr\/en\/wp-json\/wp\/v2\/pages"}],"about":[{"href":"https:\/\/taxivan.fr\/en\/wp-json\/wp\/v2\/types\/page"}],"author":[{"embeddable":true,"href":"https:\/\/taxivan.fr\/en\/wp-json\/wp\/v2\/users\/1"}],"replies":[{"embeddable":true,"href":"https:\/\/taxivan.fr\/en\/wp-json\/wp\/v2\/comments?post=49"}],"version-history":[{"count":5,"href":"https:\/\/taxivan.fr\/en\/wp-json\/wp\/v2\/pages\/49\/revisions"}],"predecessor-version":[{"id":345,"href":"https:\/\/taxivan.fr\/en\/wp-json\/wp\/v2\/pages\/49\/revisions\/345"}],"wp:featuredmedia":[{"embeddable":true,"href":"https:\/\/taxivan.fr\/en\/wp-json\/wp\/v2\/media\/50"}],"wp:attachment":[{"href":"https:\/\/taxivan.fr\/en\/wp-json\/wp\/v2\/media?parent=49"}],"curies":[{"name":"wp","href":"https:\/\/api.w.org\/{rel}","templated":true}]}}