{"id":52,"date":"2024-06-25T18:21:16","date_gmt":"2024-06-25T16:21:16","guid":{"rendered":"https:\/\/taxivan.fr\/?page_id=52"},"modified":"2024-06-25T18:39:07","modified_gmt":"2024-06-25T16:39:07","slug":"contact","status":"publish","type":"page","link":"https:\/\/taxivan.fr\/en\/contact","title":{"rendered":"Contact"},"content":{"rendered":"<div class=\"wp-block-cover alignfull is-light\" style=\"min-height:498px;aspect-ratio:unset;\"><span aria-hidden=\"true\" class=\"wp-block-cover__background has-background-dim-100 has-background-dim\" style=\"background-color:#ffffff\"><\/span><div class=\"wp-block-cover__inner-container is-layout-flow wp-block-cover-is-layout-flow\">\n<div class=\"wp-block-media-text alignwide is-stacked-on-mobile is-vertically-aligned-center is-image-fill\" style=\"grid-template-columns:56% auto\"><figure class=\"wp-block-media-text__media\" style=\"background-image:url(https:\/\/taxivan.fr\/wp-content\/uploads\/2024\/06\/Courchevel_1850.jpg);background-position:50% 50%\"><img decoding=\"async\" width=\"280\" height=\"157\" src=\"https:\/\/taxivan.fr\/wp-content\/uploads\/2024\/06\/Courchevel_1850.jpg\" alt=\"\" class=\"wp-image-54 size-full\" srcset=\"https:\/\/taxivan.fr\/wp-content\/uploads\/2024\/06\/Courchevel_1850.jpg 280w, https:\/\/taxivan.fr\/wp-content\/uploads\/2024\/06\/Courchevel_1850-170x95.jpg 170w, https:\/\/taxivan.fr\/wp-content\/uploads\/2024\/06\/Courchevel_1850-110x62.jpg 110w\" sizes=\"(max-width: 280px) 100vw, 280px\" \/><\/figure><div class=\"wp-block-media-text__content\">\n<h2 class=\"wp-block-heading has-black-color has-white-background-color has-text-color has-background\" style=\"font-size:32px\"><strong>Contact your Taxi Van driver in Courchevel!<br><\/strong><\/h2>\n\n\n\n<p class=\"has-text-color\" style=\"color:#000000;font-size:17px\">Taxis to Courchevel, M\u00e9ribel, Tania and Val-Thorens<\/p>\n\n\n\n<div class=\"wp-block-buttons is-layout-flex wp-block-buttons-is-layout-flex\">\n<div class=\"wp-block-button is-style-fill\"><a class=\"wp-block-button__link wp-element-button\" href=\"https:\/\/taxivan.fr\/en\/#wpcf7-f53-p52-o1\">Conatct<\/a><\/div>\n<\/div>\n<\/div><\/div>\n<\/div><\/div>\n\n\n\n<div class=\"wpcf7 no-js\" id=\"wpcf7-f53-o1\" lang=\"fr-FR\" dir=\"ltr\" data-wpcf7-id=\"53\">\n<div class=\"screen-reader-response\"><p role=\"status\" aria-live=\"polite\" aria-atomic=\"true\"><\/p> <ul><\/ul><\/div>\n<form action=\"\/en\/wp-json\/wp\/v2\/pages\/52#wpcf7-f53-o1\" method=\"post\" class=\"wpcf7-form init\" aria-label=\"Formulaire de contact\" novalidate=\"novalidate\" data-status=\"init\" data-trp-original-action=\"\/en\/wp-json\/wp\/v2\/pages\/52#wpcf7-f53-o1\">\n<fieldset class=\"hidden-fields-container\"><input type=\"hidden\" name=\"_wpcf7\" value=\"53\" \/><input type=\"hidden\" name=\"_wpcf7_version\" value=\"6.1.3\" \/><input type=\"hidden\" name=\"_wpcf7_locale\" value=\"fr_FR\" \/><input type=\"hidden\" name=\"_wpcf7_unit_tag\" value=\"wpcf7-f53-o1\" \/><input type=\"hidden\" name=\"_wpcf7_container_post\" value=\"0\" \/><input type=\"hidden\" name=\"_wpcf7_posted_data_hash\" value=\"\" \/><input type=\"hidden\" name=\"_wpcf7_key\" value=\"formulaire-de-contact-1\" \/><input type=\"hidden\" name=\"_cf7sg_toggles\" value=\"\" \/><input type=\"hidden\" name=\"_cf7sg_version\" value=\"4.15.8\" \/><input type=\"hidden\" name=\"_wpnonce\" value=\"a57a005021\" \/>\n<\/fieldset>\n<p><label> Your name <\/label><br \/>\n<span class=\"wpcf7-form-control-wrap\" data-name=\"your-name\"><input size=\"40\" maxlength=\"400\" class=\"wpcf7-form-control wpcf7-text wpcf7-validates-as-required\" autocomplete=\"name\" aria-required=\"true\" aria-invalid=\"false\" value=\"\" type=\"text\" name=\"your-name\" \/><\/span>\n<\/p>\n<p><label> Your e-mail <\/label><br \/>\n<span class=\"wpcf7-form-control-wrap\" data-name=\"your-email\"><input size=\"40\" maxlength=\"400\" class=\"wpcf7-form-control wpcf7-email wpcf7-validates-as-required wpcf7-text wpcf7-validates-as-email\" autocomplete=\"email\" aria-required=\"true\" aria-invalid=\"false\" value=\"\" type=\"email\" name=\"your-email\" \/><\/span>\n<\/p>\n<p><label> Object <\/label><br \/>\n<span class=\"wpcf7-form-control-wrap\" data-name=\"your-subject\"><input size=\"40\" maxlength=\"400\" class=\"wpcf7-form-control wpcf7-text wpcf7-validates-as-required\" aria-required=\"true\" aria-invalid=\"false\" value=\"\" type=\"text\" name=\"your-subject\" \/><\/span>\n<\/p>\n<p><label> Your message (optional) <\/label><br \/>\n<span class=\"wpcf7-form-control-wrap\" data-name=\"your-message\"><textarea cols=\"40\" rows=\"10\" maxlength=\"2000\" class=\"wpcf7-form-control wpcf7-textarea\" aria-invalid=\"false\" name=\"your-message\"><\/textarea><\/span>\n<\/p>\n<p><input class=\"wpcf7-form-control wpcf7-submit has-spinner\" type=\"submit\" value=\"Send\" \/>\n<\/p><div class=\"wpcf7-response-output\" aria-hidden=\"true\"><\/div>\n<input type=\"hidden\" name=\"trp-form-language\" value=\"en\"\/><\/form>\n<\/div>\n\n\n\n\n<h2 class=\"wp-block-heading\">Contact your Courchevel taxi driver!<\/h2>\n\n\n\n<p>For all your taxi journeys in Courchevel, M\u00e9ribel, Val-Thorens and La Tania, call our company. To book your taxi in Courchevel, contact us directly to find out about our top-of-the-range services and everything we can offer you. Our transport service is simple, transparent and efficient. With us, there are no surprises: you'll arrive at your destination on time.<\/p>\n\n\n\n<p>Our Courchevel taxi company has developed a full range of services to meet all your needs. We provide transfers between Geneva, Lyon-Saint-Exup\u00e9ry, Chamb\u00e9ry-Savoie and Annecy-L\u00e9man airports and the resorts. We welcome you directly at the airport with a sign bearing your name, then take you straight to your hotel. Enjoy a comfortable journey in a spacious vehicle with plenty of on-board facilities, including bottled water, phone and iPhone chargers, and guides to the region. Our trilingual French\/English\/Russian driver ensures a top-quality service. You'll travel in comfort while admiring the region's magnificent scenery.<\/p>\n\n\n\n<p>We also offer transfers to the main stations in the region: Chamb\u00e9ry - Challes-les-Eaux, Lyon-Part-Dieu, Geneva, Annecy and Mo\u00fbtiers.<\/p>\n\n\n\n<p>All our taxi services in Courchevel and Savoie are at your disposal. For arrivals at Courchevel Altiport, our taxi will pick you up directly on arrival. Based in the heart of the resort, we can ensure you get to your destination quickly, even at the last minute.<\/p>\n\n\n\n<p>You can have complete confidence in our taxi services and the quality of our work. Your satisfaction is our top priority. Don't forget to book your return journey with us.<\/p>\n\n\n\n<p>We'll be delighted to welcome you on board for your next journey and to help make your plans a success, whether you're on holiday or travelling on business.<\/p>","protected":false},"excerpt":{"rendered":"<p>Contactez votre chauffeur de Taxi \u00e0 Courchevel ! Pour tous vos d\u00e9placements \u00e0 Courchevel, M\u00e9ribel, Val-Thorens et La Tania en [&hellip;]<\/p>","protected":false},"author":1,"featured_media":0,"parent":0,"menu_order":0,"comment_status":"closed","ping_status":"closed","template":"","meta":{"site-sidebar-layout":"default","site-content-layout":"","ast-site-content-layout":"default","site-content-style":"default","site-sidebar-style":"default","ast-global-header-display":"","ast-banner-title-visibility":"","ast-main-header-display":"","ast-hfb-above-header-display":"","ast-hfb-below-header-display":"","ast-hfb-mobile-header-display":"","site-post-title":"","ast-breadcrumbs-content":"","ast-featured-img":"","footer-sml-layout":"","theme-transparent-header-meta":"","adv-header-id-meta":"","stick-header-meta":"","header-above-stick-meta":"","header-main-stick-meta":"","header-below-stick-meta":"","astra-migrate-meta-layouts":"default","ast-page-background-enabled":"default","ast-page-background-meta":{"desktop":{"background-color":"var(--ast-global-color-4)","background-image":"","background-repeat":"repeat","background-position":"center center","background-size":"auto","background-attachment":"scroll","background-type":"","background-media":"","overlay-type":"","overlay-color":"","overlay-opacity":"","overlay-gradient":""},"tablet":{"background-color":"","background-image":"","background-repeat":"repeat","background-position":"center center","background-size":"auto","background-attachment":"scroll","background-type":"","background-media":"","overlay-type":"","overlay-color":"","overlay-opacity":"","overlay-gradient":""},"mobile":{"background-color":"","background-image":"","background-repeat":"repeat","background-position":"center center","background-size":"auto","background-attachment":"scroll","background-type":"","background-media":"","overlay-type":"","overlay-color":"","overlay-opacity":"","overlay-gradient":""}},"ast-content-background-meta":{"desktop":{"background-color":"var(--ast-global-color-5)","background-image":"","background-repeat":"repeat","background-position":"center center","background-size":"auto","background-attachment":"scroll","background-type":"","background-media":"","overlay-type":"","overlay-color":"","overlay-opacity":"","overlay-gradient":""},"tablet":{"background-color":"var(--ast-global-color-5)","background-image":"","background-repeat":"repeat","background-position":"center center","background-size":"auto","background-attachment":"scroll","background-type":"","background-media":"","overlay-type":"","overlay-color":"","overlay-opacity":"","overlay-gradient":""},"mobile":{"background-color":"var(--ast-global-color-5)","background-image":"","background-repeat":"repeat","background-position":"center center","background-size":"auto","background-attachment":"scroll","background-type":"","background-media":"","overlay-type":"","overlay-color":"","overlay-opacity":"","overlay-gradient":""}},"footnotes":""},"class_list":["post-52","page","type-page","status-publish","hentry"],"jetpack_sharing_enabled":true,"_links":{"self":[{"href":"https:\/\/taxivan.fr\/en\/wp-json\/wp\/v2\/pages\/52","targetHints":{"allow":["GET"]}}],"collection":[{"href":"https:\/\/taxivan.fr\/en\/wp-json\/wp\/v2\/pages"}],"about":[{"href":"https:\/\/taxivan.fr\/en\/wp-json\/wp\/v2\/types\/page"}],"author":[{"embeddable":true,"href":"https:\/\/taxivan.fr\/en\/wp-json\/wp\/v2\/users\/1"}],"replies":[{"embeddable":true,"href":"https:\/\/taxivan.fr\/en\/wp-json\/wp\/v2\/comments?post=52"}],"version-history":[{"count":5,"href":"https:\/\/taxivan.fr\/en\/wp-json\/wp\/v2\/pages\/52\/revisions"}],"predecessor-version":[{"id":61,"href":"https:\/\/taxivan.fr\/en\/wp-json\/wp\/v2\/pages\/52\/revisions\/61"}],"wp:attachment":[{"href":"https:\/\/taxivan.fr\/en\/wp-json\/wp\/v2\/media?parent=52"}],"curies":[{"name":"wp","href":"https:\/\/api.w.org\/{rel}","templated":true}]}}