{"id":37,"date":"2024-06-25T16:45:47","date_gmt":"2024-06-25T14:45:47","guid":{"rendered":"https:\/\/taxivan.fr\/?page_id=37"},"modified":"2024-07-15T17:10:48","modified_gmt":"2024-07-15T15:10:48","slug":"courchevel-altiport-transfer","status":"publish","type":"page","link":"https:\/\/taxivan.fr\/es\/courchevel-altiport-transfer","title":{"rendered":"Traslado Courchevel Altiport"},"content":{"rendered":"<h2 class=\"wp-block-heading\">Servicio de taxi VTC con Altiport de Courchevel<\/h2>\n\n\n\n<p>A cualquier hora del d\u00eda o de la noche, sea cual sea el d\u00eda, nuestro servicio de taxi con ch\u00f3fer le recoger\u00e1 en el aeropuerto de Courchevel.<\/p>\n\n\n\n<h2 class=\"wp-block-heading\">Llegada o salida de Courchevel Altiport<\/h2>\n\n\n\n<p>Cuando llegue a Courchevel Altiport, uno de nuestros taxistas alternativos le dar\u00e1 una bienvenida personalizada y de calidad. Su proximidad le permitir\u00e1 estar bien atendido desde su llegada. Nuestro conductor tambi\u00e9n se ocupar\u00e1 de su equipaje.<\/p>\n\n\n\n<p>Su traslado se realizar\u00e1 con total seguridad y comodidad, gracias a nuestros veh\u00edculos de lujo, recientes y confortables (berlina Mercedes o furgoneta, por ejemplo). Adem\u00e1s, puede elegir su propio veh\u00edculo al hacer la reserva.<\/p>\n\n\n\n<figure class=\"wp-block-image size-full\"><img fetchpriority=\"high\" decoding=\"async\" width=\"1024\" height=\"551\" src=\"http:\/\/taxivan.fr\/wp-content\/uploads\/2024\/06\/transfert-Altiport-de-Courchevel.jpg\" alt=\"Traslado Courchevel Altiport\" class=\"wp-image-38\" srcset=\"https:\/\/taxivan.fr\/wp-content\/uploads\/2024\/06\/transfert-Altiport-de-Courchevel.jpg 1024w, https:\/\/taxivan.fr\/wp-content\/uploads\/2024\/06\/transfert-Altiport-de-Courchevel-600x323.jpg 600w, https:\/\/taxivan.fr\/wp-content\/uploads\/2024\/06\/transfert-Altiport-de-Courchevel-300x161.jpg 300w, https:\/\/taxivan.fr\/wp-content\/uploads\/2024\/06\/transfert-Altiport-de-Courchevel-768x413.jpg 768w, https:\/\/taxivan.fr\/wp-content\/uploads\/2024\/06\/transfert-Altiport-de-Courchevel-170x91.jpg 170w, https:\/\/taxivan.fr\/wp-content\/uploads\/2024\/06\/transfert-Altiport-de-Courchevel-110x59.jpg 110w\" sizes=\"(max-width: 1024px) 100vw, 1024px\" \/><\/figure>\n\n\n\n<h2 class=\"wp-block-heading\">Prestaci\u00f3n de servicios<\/h2>\n\n\n\n<p>\u00bfUna visita inesperada a la Estaci\u00f3n? \u00bfUn d\u00eda de relax?  Puede beneficiarse de los servicios de un ch\u00f3fer que estar\u00e1 a su entera disposici\u00f3n durante todo el d\u00eda. Le acompa\u00f1ar\u00e1 discretamente (facturado por horas en un radio de 150 km) en sus compras, citas o cenas en restaurantes.<\/p>\n\n\n\n<p>\u00bfUna escapada a M\u00e9ribel? No se preocupe. Ya sea para disfrutar de una deliciosa comida en uno de los numerosos restaurantes gourmet de la ciudad, aprovechar el apr\u00e8s-ski o tomar el sol en la terraza, nuestro ch\u00f3fer estar\u00e1 a su disposici\u00f3n en todo momento, sin importar cu\u00e1ntos kil\u00f3metros recorra.&nbsp;<\/p>\n\n\n\n<p>Todos nuestros conductores son de Courchevel o alrededores. Todos conocen a fondo Courchevel y las estaciones de esqu\u00ed de los alrededores. Nuestros ch\u00f3feres tambi\u00e9n podr\u00e1n aconsejarle sobre las visitas o degustaciones imprescindibles a realizar, seg\u00fan sus deseos, ya sea en familia, en pareja o con amigos.<\/p>\n\n\n\n<h2 class=\"wp-block-heading\">Sus servicios de Taxi con Courchevel Altiport<\/h2>\n\n\n\n<p>La proximidad de nuestra empresa de Taxi VTC con sede en Courchevel le garantiza una disponibilidad sin fisuras, incluso para llegadas tard\u00edas o salidas de \u00faltima hora.<\/p>\n\n\n\n<p>Cuando baje del helic\u00f3ptero o del avi\u00f3n, su ch\u00f3fer estar\u00e1 all\u00ed para darle la bienvenida y guiarle hasta su veh\u00edculo exclusivo de alta gama. Lo tenemos todo previsto: agua mineral, dulces, cargadores de tel\u00e9fono... Tambi\u00e9n podr\u00e1 hojear las diferentes revistas regionales que le proponemos durante el trayecto. Con toda confianza, su lectura ser\u00e1 el comienzo inolvidable de su estancia.&nbsp;<\/p>\n\n\n\n<p>Tambi\u00e9n disponemos de un servicio de traslado a su hotel o a otro aeropuerto. Todos nuestros conductores son profesionales con experiencia, discretos y serviciales.&nbsp;<\/p>\n\n\n\n<h2 class=\"wp-block-heading\">Un taxi a su medida con Courchevel Altiport<\/h2>\n\n\n\n<p>Para garantizar un servicio de calidad, todos nuestros veh\u00edculos son recientes y de alta gama. Nuestros experimentados conductores est\u00e1n acostumbrados a las carreteras nevadas y conducen veh\u00edculos con tracci\u00f3n a las cuatro ruedas equipados con neum\u00e1ticos de nieve para garantizar su seguridad.<\/p>\n\n\n\n<p>Para su comodidad, le ofrecemos un servicio de traslado de equipajes. As\u00ed podr\u00e1 llegar en helic\u00f3ptero al Altiport de Courchevel y llegar a su chal\u00e9 u hotel sin complicaciones. Nos encargamos del traslado de su equipaje desde los aeropuertos de Ginebra, Lyon y Chamb\u00e9ry, para que pueda aprovechar al m\u00e1ximo su estancia en Courchevel. Nuestros conductores llevar\u00e1n su equipaje directamente a su chalet u hotel.<\/p>\n\n\n\n<h2 class=\"wp-block-heading\">Su taxista de Courchevel disponible y a su servicio<\/h2>\n\n\n\n<p>Nuestra compa\u00f1\u00eda de taxis VTC en Courchevel est\u00e1 disponible 24\/7. Para m\u00e1s informaci\u00f3n sobre nuestros servicios de traslado al aeropuerto de Courchevel Altiport o Ginebra, no dude en ponerse en contacto con nosotros. Nos pondremos en contacto con usted lo antes posible, o puede enviarnos su solicitud a trav\u00e9s de nuestro formulario en l\u00ednea.<\/p>\n\n\n\n<h3 class=\"wp-block-heading\">Taxi desde y hacia el aeropuerto de Courchevel<\/h3>\n\n\n\n<p><strong>Taxi Courchevel aeropuerto Ginebra GVA, Lyon LYS, Chamb\u00e9ry CMF<\/strong><\/p>\n\n\n\n<h4 class=\"wp-block-heading\">Nuestros servicios<\/h4>\n\n\n\n<p>Reservas en el 06 36 36 36 36 <\/p>\n\n\n\n<p><strong>Ventajas de nuestra lanzadera alternativa<\/strong> <strong>furgoneta taxi :<\/strong><\/p>\n\n\n\n<p>Nuestra empresa le ofrece rutas \u00f3ptimas desde y hacia los aeropuertos de Ginebra, Lyon y Chamb\u00e9ry, para que pueda coger su vuelo con toda tranquilidad. Todos nuestros veh\u00edculos est\u00e1n adaptados a carreteras sinuosas y nevadas. Viajar\u00e1 en veh\u00edculos seguros y c\u00f3modos y evitar\u00e1 los inconvenientes del transporte p\u00fablico o los problemas de aparcamiento.<\/p>\n\n\n\n<p><strong>Traslado entre el aeropuerto y el hotel :<\/strong><\/p>\n\n\n\n<p>Le recogeremos en su hotel o chal\u00e9 y nuestros ch\u00f3feres le llevar\u00e1n al aeropuerto de su elecci\u00f3n: Ginebra, Lyon, Chamb\u00e9ry, Grenoble, Annecy, Tur\u00edn y Mil\u00e1n.&nbsp;<\/p>\n\n\n\n<p>Le ofrecemos la oportunidad de elegir un veh\u00edculo de alta gama adaptado a sus necesidades. Tanto si viaja solo como en grupo (hasta 7 personas), nuestra empresa le ofrecer\u00e1 el mejor servicio para garantizar su plena satisfacci\u00f3n.<\/p>","protected":false},"excerpt":{"rendered":"<p>Service de Taxi VTC avec Altiport de Courchevel A toute heure du jour ou de la nuit, quel que soit [&hellip;]<\/p>","protected":false},"author":1,"featured_media":38,"parent":0,"menu_order":0,"comment_status":"closed","ping_status":"closed","template":"","meta":{"site-sidebar-layout":"default","site-content-layout":"","ast-site-content-layout":"default","site-content-style":"default","site-sidebar-style":"default","ast-global-header-display":"","ast-banner-title-visibility":"","ast-main-header-display":"","ast-hfb-above-header-display":"","ast-hfb-below-header-display":"","ast-hfb-mobile-header-display":"","site-post-title":"","ast-breadcrumbs-content":"","ast-featured-img":"","footer-sml-layout":"","theme-transparent-header-meta":"","adv-header-id-meta":"","stick-header-meta":"","header-above-stick-meta":"","header-main-stick-meta":"","header-below-stick-meta":"","astra-migrate-meta-layouts":"default","ast-page-background-enabled":"default","ast-page-background-meta":{"desktop":{"background-color":"var(--ast-global-color-4)","background-image":"","background-repeat":"repeat","background-position":"center center","background-size":"auto","background-attachment":"scroll","background-type":"","background-media":"","overlay-type":"","overlay-color":"","overlay-opacity":"","overlay-gradient":""},"tablet":{"background-color":"","background-image":"","background-repeat":"repeat","background-position":"center center","background-size":"auto","background-attachment":"scroll","background-type":"","background-media":"","overlay-type":"","overlay-color":"","overlay-opacity":"","overlay-gradient":""},"mobile":{"background-color":"","background-image":"","background-repeat":"repeat","background-position":"center center","background-size":"auto","background-attachment":"scroll","background-type":"","background-media":"","overlay-type":"","overlay-color":"","overlay-opacity":"","overlay-gradient":""}},"ast-content-background-meta":{"desktop":{"background-color":"var(--ast-global-color-5)","background-image":"","background-repeat":"repeat","background-position":"center center","background-size":"auto","background-attachment":"scroll","background-type":"","background-media":"","overlay-type":"","overlay-color":"","overlay-opacity":"","overlay-gradient":""},"tablet":{"background-color":"var(--ast-global-color-5)","background-image":"","background-repeat":"repeat","background-position":"center center","background-size":"auto","background-attachment":"scroll","background-type":"","background-media":"","overlay-type":"","overlay-color":"","overlay-opacity":"","overlay-gradient":""},"mobile":{"background-color":"var(--ast-global-color-5)","background-image":"","background-repeat":"repeat","background-position":"center center","background-size":"auto","background-attachment":"scroll","background-type":"","background-media":"","overlay-type":"","overlay-color":"","overlay-opacity":"","overlay-gradient":""}},"footnotes":""},"class_list":["post-37","page","type-page","status-publish","has-post-thumbnail","hentry"],"jetpack_sharing_enabled":true,"_links":{"self":[{"href":"https:\/\/taxivan.fr\/es\/wp-json\/wp\/v2\/pages\/37","targetHints":{"allow":["GET"]}}],"collection":[{"href":"https:\/\/taxivan.fr\/es\/wp-json\/wp\/v2\/pages"}],"about":[{"href":"https:\/\/taxivan.fr\/es\/wp-json\/wp\/v2\/types\/page"}],"author":[{"embeddable":true,"href":"https:\/\/taxivan.fr\/es\/wp-json\/wp\/v2\/users\/1"}],"replies":[{"embeddable":true,"href":"https:\/\/taxivan.fr\/es\/wp-json\/wp\/v2\/comments?post=37"}],"version-history":[{"count":5,"href":"https:\/\/taxivan.fr\/es\/wp-json\/wp\/v2\/pages\/37\/revisions"}],"predecessor-version":[{"id":85,"href":"https:\/\/taxivan.fr\/es\/wp-json\/wp\/v2\/pages\/37\/revisions\/85"}],"wp:featuredmedia":[{"embeddable":true,"href":"https:\/\/taxivan.fr\/es\/wp-json\/wp\/v2\/media\/38"}],"wp:attachment":[{"href":"https:\/\/taxivan.fr\/es\/wp-json\/wp\/v2\/media?parent=37"}],"curies":[{"name":"wp","href":"https:\/\/api.w.org\/{rel}","templated":true}]}}