{"id":40,"date":"2024-06-25T16:56:06","date_gmt":"2024-06-25T14:56:06","guid":{"rendered":"https:\/\/taxivan.fr\/?page_id=40"},"modified":"2024-07-10T11:38:17","modified_gmt":"2024-07-10T09:38:17","slug":"traslado-aeropuerto-ginebra","status":"publish","type":"page","link":"https:\/\/taxivan.fr\/es\/traslado-aeropuerto-ginebra","title":{"rendered":"Traslado aeropuerto Ginebra"},"content":{"rendered":"<h2 class=\"wp-block-heading\">Servicio de taxi entre Aeropuerto de Ginebra y Courchevel<\/h2>\n\n\n\n<p>Nuestro servicio de furgoneta taxi de 7 plazas ofrece traslados desde y hacia el aeropuerto de Ginebra a Courchevel.<\/p>\n\n\n\n<h2 class=\"wp-block-heading\">Aeropuerto de Ginebra<\/h2>\n\n\n\n<p>El aeropuerto de Ginebra es uno de los m\u00e1s grandes de Europa y del mundo, famoso por su gran n\u00famero de destinos, su comodidad y su organizaci\u00f3n. Desde hace casi 100 a\u00f1os, ofrece vuelos dentro de Suiza y a los principales destinos de Europa y del resto del mundo. En t\u00e9rminos de tama\u00f1o y tr\u00e1fico, es el segundo aeropuerto m\u00e1s grande de Suiza y desempe\u00f1a un papel crucial en el servicio a los Alpes franceses y a estaciones de esqu\u00ed como Courchevel.&nbsp;<\/p>\n\n\n\n<p>Nuestros taxistas alternativos est\u00e1n a su disposici\u00f3n para los traslados entre el aeropuerto de Ginebra y las principales estaciones de esqu\u00ed de los alrededores de Courchevel...<\/p>\n\n\n\n<h2 class=\"wp-block-heading\">Referencias halag\u00fce\u00f1as para el aeropuerto de Ginebra<\/h2>\n\n\n\n<p>El Aeropuerto de Ginebra es reconocido por la calidad de su servicio, con numerosas certificaciones que atestiguan su s\u00f3lida gesti\u00f3n t\u00e9cnica, administrativa y financiera. Entre ellas, la certificaci\u00f3n ISO 55001 y el certificado FOCA-ICAO, que garantizan un alto nivel de seguridad conforme a las recomendaciones de la Organizaci\u00f3n de Aviaci\u00f3n Civil Internacional.<\/p>\n\n\n\n<figure class=\"wp-block-image size-full\"><img fetchpriority=\"high\" decoding=\"async\" width=\"1000\" height=\"545\" src=\"https:\/\/taxivan.fr\/wp-content\/uploads\/2024\/06\/geneve-aeroport-airport.jpg\" alt=\"Traslado aeropuerto Ginebra\" class=\"wp-image-41\" srcset=\"https:\/\/taxivan.fr\/wp-content\/uploads\/2024\/06\/geneve-aeroport-airport.jpg 1000w, https:\/\/taxivan.fr\/wp-content\/uploads\/2024\/06\/geneve-aeroport-airport-600x327.jpg 600w, https:\/\/taxivan.fr\/wp-content\/uploads\/2024\/06\/geneve-aeroport-airport-300x164.jpg 300w, https:\/\/taxivan.fr\/wp-content\/uploads\/2024\/06\/geneve-aeroport-airport-768x419.jpg 768w, https:\/\/taxivan.fr\/wp-content\/uploads\/2024\/06\/geneve-aeroport-airport-170x93.jpg 170w, https:\/\/taxivan.fr\/wp-content\/uploads\/2024\/06\/geneve-aeroport-airport-110x60.jpg 110w\" sizes=\"(max-width: 1000px) 100vw, 1000px\" \/><\/figure>\n\n\n\n<h2 class=\"wp-block-heading\">Servicios de transporte en el aeropuerto de Ginebra<\/h2>\n\n\n\n<p>El aeropuerto ofrece diversas opciones de transporte para facilitar los desplazamientos de los pasajeros:<\/p>\n\n\n\n<ul class=\"wp-block-list\">\n<li><strong>Trenes<\/strong> con enlaces a Z\u00farich, Chamb\u00e9ry, Lyon, etc.<\/li>\n\n\n\n<li><strong>Autobuses urbanos y tranv\u00edas<\/strong><\/li>\n\n\n\n<li><strong>Entrenadores<\/strong> a los Alpes franceses y suizos<\/li>\n<\/ul>\n\n\n\n<p>Tambi\u00e9n hay autobuses gratuitos a algunos hoteles.<\/p>\n\n\n\n<h2 class=\"wp-block-heading\">Aeropuerto de Ginebra Sector Francia<\/h2>\n\n\n\n<p>El sector Francia del aeropuerto ofrece :<\/p>\n\n\n\n<ul class=\"wp-block-list\">\n<li>Facture su equipaje y tome un vuelo nacional a un aeropuerto franc\u00e9s sin pasar por Suiza.<\/li>\n\n\n\n<li>Facturaci\u00f3n de vuelos internacionales en compa\u00f1\u00edas no francesas.<\/li>\n\n\n\n<li>F\u00e1cil acceso a las regiones francesas vecinas (monta\u00f1as del Jura franc\u00e9s, departamento de Ain, etc.).<\/li>\n<\/ul>\n\n\n\n<h4 class=\"wp-block-heading\">Acceso al aeropuerto<\/h4>\n\n\n\n<p>El aeropuerto de Ginebra tambi\u00e9n ha pensado en los peatones y ciclistas, ofreciendo rutas especiales, aparcamientos y zonas de inflado.<\/p>\n\n\n\n<h4 class=\"wp-block-heading\">Aparcamientos multiusos<\/h4>\n\n\n\n<p>Hay varios aparcamientos disponibles, que se adaptan a diferentes tipos de viaje. Se aplican tarifas diferentes. Abierto 24 horas al d\u00eda. Reserve con antelaci\u00f3n para garantizar su plaza.<\/p>\n\n\n\n<p>Tambi\u00e9n hay una zona de entrega r\u00e1pida y plazas reservadas para discapacitados. Hay plazas de aparcamiento para veh\u00edculos el\u00e9ctricos, de GLP y de dos ruedas.<\/p>\n\n\n\n<h4 class=\"wp-block-heading\">Servicio de aparcacoches<\/h4>\n\n\n\n<p>Su veh\u00edculo estar\u00e1 cuidado durante su estancia. Desde el aparcamiento y la custodia hasta la limpieza, este servicio de primera calidad le permitir\u00e1 recoger su coche limpio nada m\u00e1s bajar del avi\u00f3n.<\/p>\n\n\n\n<h4 class=\"wp-block-heading\">Zonas VIP<\/h4>\n\n\n\n<p>Para viajeros de negocios, personalidades pol\u00edticas, diplom\u00e1ticos y otros, hay zonas VIP que ofrecen servicios y espacios de trabajo privilegiados.<\/p>\n\n\n\n<h4 class=\"wp-block-heading\">Seguridad de equipajes<\/h4>\n\n\n\n<p>El aeropuerto informa a sus usuarios del tipo de equipaje que se puede llevar y de c\u00f3mo se gestiona, incluido el equipaje de cabina y de bodega, as\u00ed como de la gesti\u00f3n de los objetos perdidos.<\/p>\n\n\n\n<h4 class=\"wp-block-heading\">Aplicaci\u00f3n m\u00f3vil<\/h4>\n\n\n\n<p>El aeropuerto de Ginebra dispone de una aplicaci\u00f3n m\u00f3vil que puede utilizar para :<\/p>\n\n\n\n<ul class=\"wp-block-list\">\n<li>Informaci\u00f3n sobre su vuelo<\/li>\n\n\n\n<li>Elegir aparcamiento<\/li>\n\n\n\n<li>Consultar el plano del aeropuerto<\/li>\n\n\n\n<li>Inf\u00f3rmese sobre las opciones de transporte<\/li>\n\n\n\n<li>Actualizaciones en tiempo real<\/li>\n\n\n\n<li>Hacer la compra y elegir d\u00f3nde comer<\/li>\n\n\n\n<li>Conozca el tiempo que har\u00e1 en su destino<\/li>\n<\/ul>\n\n\n\n<h4 class=\"wp-block-heading\">Zonas comerciales y de restauraci\u00f3n<\/h4>\n\n\n\n<p>Dentro del aeropuerto, encontrar\u00e1 una amplia gama de tiendas y restaurantes. Tiendas de alimentaci\u00f3n, moda, joyer\u00eda, multimedia, documentaci\u00f3n y regalos, por citar s\u00f3lo algunas. Tambi\u00e9n encontrar\u00e1 una farmacia, as\u00ed como bancos, servicios de cambio de divisas y zonas de descanso para usted o sus hijos (lugares para reunirse, zonas para fumadores, zonas de duchas, etc.).<\/p>\n\n\n\n<h4 class=\"wp-block-heading\">Contacte con nosotros para su traslado<\/h4>\n\n\n\n<p>Nuestros servicios est\u00e1n a su disposici\u00f3n para sus desplazamientos entre el aeropuerto de Ginebra y Courchevel, M\u00e9ribel o Val-Thorens. P\u00f3ngase en contacto con nosotros a trav\u00e9s del formulario de nuestra p\u00e1gina web.<\/p>","protected":false},"excerpt":{"rendered":"<p>Service de Taxi entre l\u2019A\u00e9roport de Gen\u00e8ve et Courchevel Notre service de transport en taxi van 7 places assure vos [&hellip;]<\/p>","protected":false},"author":1,"featured_media":41,"parent":0,"menu_order":0,"comment_status":"closed","ping_status":"closed","template":"","meta":{"site-sidebar-layout":"default","site-content-layout":"","ast-site-content-layout":"default","site-content-style":"default","site-sidebar-style":"default","ast-global-header-display":"","ast-banner-title-visibility":"","ast-main-header-display":"","ast-hfb-above-header-display":"","ast-hfb-below-header-display":"","ast-hfb-mobile-header-display":"","site-post-title":"","ast-breadcrumbs-content":"","ast-featured-img":"","footer-sml-layout":"","theme-transparent-header-meta":"","adv-header-id-meta":"","stick-header-meta":"","header-above-stick-meta":"","header-main-stick-meta":"","header-below-stick-meta":"","astra-migrate-meta-layouts":"default","ast-page-background-enabled":"default","ast-page-background-meta":{"desktop":{"background-color":"var(--ast-global-color-4)","background-image":"","background-repeat":"repeat","background-position":"center center","background-size":"auto","background-attachment":"scroll","background-type":"","background-media":"","overlay-type":"","overlay-color":"","overlay-opacity":"","overlay-gradient":""},"tablet":{"background-color":"","background-image":"","background-repeat":"repeat","background-position":"center center","background-size":"auto","background-attachment":"scroll","background-type":"","background-media":"","overlay-type":"","overlay-color":"","overlay-opacity":"","overlay-gradient":""},"mobile":{"background-color":"","background-image":"","background-repeat":"repeat","background-position":"center center","background-size":"auto","background-attachment":"scroll","background-type":"","background-media":"","overlay-type":"","overlay-color":"","overlay-opacity":"","overlay-gradient":""}},"ast-content-background-meta":{"desktop":{"background-color":"var(--ast-global-color-5)","background-image":"","background-repeat":"repeat","background-position":"center center","background-size":"auto","background-attachment":"scroll","background-type":"","background-media":"","overlay-type":"","overlay-color":"","overlay-opacity":"","overlay-gradient":""},"tablet":{"background-color":"var(--ast-global-color-5)","background-image":"","background-repeat":"repeat","background-position":"center center","background-size":"auto","background-attachment":"scroll","background-type":"","background-media":"","overlay-type":"","overlay-color":"","overlay-opacity":"","overlay-gradient":""},"mobile":{"background-color":"var(--ast-global-color-5)","background-image":"","background-repeat":"repeat","background-position":"center center","background-size":"auto","background-attachment":"scroll","background-type":"","background-media":"","overlay-type":"","overlay-color":"","overlay-opacity":"","overlay-gradient":""}},"footnotes":""},"class_list":["post-40","page","type-page","status-publish","has-post-thumbnail","hentry"],"jetpack_sharing_enabled":true,"_links":{"self":[{"href":"https:\/\/taxivan.fr\/es\/wp-json\/wp\/v2\/pages\/40","targetHints":{"allow":["GET"]}}],"collection":[{"href":"https:\/\/taxivan.fr\/es\/wp-json\/wp\/v2\/pages"}],"about":[{"href":"https:\/\/taxivan.fr\/es\/wp-json\/wp\/v2\/types\/page"}],"author":[{"embeddable":true,"href":"https:\/\/taxivan.fr\/es\/wp-json\/wp\/v2\/users\/1"}],"replies":[{"embeddable":true,"href":"https:\/\/taxivan.fr\/es\/wp-json\/wp\/v2\/comments?post=40"}],"version-history":[{"count":3,"href":"https:\/\/taxivan.fr\/es\/wp-json\/wp\/v2\/pages\/40\/revisions"}],"predecessor-version":[{"id":84,"href":"https:\/\/taxivan.fr\/es\/wp-json\/wp\/v2\/pages\/40\/revisions\/84"}],"wp:featuredmedia":[{"embeddable":true,"href":"https:\/\/taxivan.fr\/es\/wp-json\/wp\/v2\/media\/41"}],"wp:attachment":[{"href":"https:\/\/taxivan.fr\/es\/wp-json\/wp\/v2\/media?parent=40"}],"curies":[{"name":"wp","href":"https:\/\/api.w.org\/{rel}","templated":true}]}}