{"id":43,"date":"2024-06-25T17:01:01","date_gmt":"2024-06-25T15:01:01","guid":{"rendered":"https:\/\/taxivan.fr\/?page_id=43"},"modified":"2024-07-10T11:37:36","modified_gmt":"2024-07-10T09:37:36","slug":"traslado-aeropuerto-chambery","status":"publish","type":"page","link":"https:\/\/taxivan.fr\/es\/traslado-aeropuerto-chambery","title":{"rendered":"Traslado aeropuerto Chamb\u00e9ry"},"content":{"rendered":"<h2 class=\"wp-block-heading\">Traslado en taxi entre el aeropuerto de Chamb\u00e9ry y Courchevel<\/h2>\n\n\n\n<h3 class=\"wp-block-heading\">Algunas palabras sobre el aeropuerto de Chamb\u00e9ry-Savoie-Mont-Blanc<\/h3>\n\n\n\n<p>El aeropuerto de Chamb\u00e9ry - Savoie-Mont-Blanc est\u00e1 situado a 10 km de Chamb\u00e9ry y a 5 km de la ciudad balneario de Aix-les-Bains. Su principal actividad son los viajes de negocios en invierno. El n\u00famero anual de pasajeros ronda los 200.000, entre los que destacan los anglosajones.&nbsp;<\/p>\n\n\n\n<p>\u00a0P\u00f3ngase en contacto con nuestra empresa de taxis alternativos para viajar sin preocupaciones.<\/p>\n\n\n\n<h3 class=\"wp-block-heading\">Mayor actividad de septiembre a abril<\/h3>\n\n\n\n<p>Durante la temporada de invierno, Chamb\u00e9ry acoge a un gran n\u00famero de turistas y temporeros, cuya principal tarea es acoger y orientar a los viajeros. Son unos 240, todos ellos hablan franc\u00e9s e ingl\u00e9s para responder eficazmente a las peticiones de los veraneantes.<\/p>\n\n\n\n<figure class=\"wp-block-image size-large\"><img fetchpriority=\"high\" decoding=\"async\" width=\"1024\" height=\"511\" src=\"https:\/\/taxivan.fr\/wp-content\/uploads\/2024\/06\/aeroport-de-chambery-savoie-1024x511.png\" alt=\"Traslado aeropuerto Chamb\u00e9ry\" class=\"wp-image-44\" srcset=\"https:\/\/taxivan.fr\/wp-content\/uploads\/2024\/06\/aeroport-de-chambery-savoie-1024x511.png 1024w, https:\/\/taxivan.fr\/wp-content\/uploads\/2024\/06\/aeroport-de-chambery-savoie-600x300.png 600w, https:\/\/taxivan.fr\/wp-content\/uploads\/2024\/06\/aeroport-de-chambery-savoie-300x150.png 300w, https:\/\/taxivan.fr\/wp-content\/uploads\/2024\/06\/aeroport-de-chambery-savoie-768x384.png 768w, https:\/\/taxivan.fr\/wp-content\/uploads\/2024\/06\/aeroport-de-chambery-savoie-1536x767.png 1536w, https:\/\/taxivan.fr\/wp-content\/uploads\/2024\/06\/aeroport-de-chambery-savoie-170x85.png 170w, https:\/\/taxivan.fr\/wp-content\/uploads\/2024\/06\/aeroport-de-chambery-savoie-110x55.png 110w, https:\/\/taxivan.fr\/wp-content\/uploads\/2024\/06\/aeroport-de-chambery-savoie.png 2000w\" sizes=\"(max-width: 1024px) 100vw, 1024px\" \/><\/figure>\n\n\n\n<h3 class=\"wp-block-heading\">Vuelos desde Chamb\u00e9ry<\/h3>\n\n\n\n<p>Hay vuelos directos desde Chamb\u00e9ry a Londres, \u00c1msterdam y Manchester. Tanto si sue\u00f1a con una escapada de compras como con una escapada rom\u00e1ntica, este aeropuerto de tama\u00f1o humano ofrece servicios de alta gama.<\/p>\n\n\n\n<h3 class=\"wp-block-heading\">Traslados en taxi desde y hacia el Aeropuerto de Chamb\u00e9ry-Savoie-Mont-Blanc<\/h3>\n\n\n\n<p>\u00a0Nuestra empresa de taxis alternativos en Courchevel ofrece servicios de calidad para todos sus traslados. Nuestros experimentados conductores le garantizan un viaje seguro y confortable. Su puntualidad es tambi\u00e9n una de sus muchas bazas.<\/p>","protected":false},"excerpt":{"rendered":"<p>Transfert en Taxi entre l\u2019A\u00e9roport de Chamb\u00e9ry et Courchevel Quelques mots sur l\u2019A\u00e9roport de Chamb\u00e9ry-Savoie-Mont-Blanc L\u2019a\u00e9roport de Chamb\u00e9ry &#8211; Savoie-Mont-Blanc [&hellip;]<\/p>","protected":false},"author":1,"featured_media":44,"parent":0,"menu_order":0,"comment_status":"closed","ping_status":"closed","template":"","meta":{"site-sidebar-layout":"default","site-content-layout":"","ast-site-content-layout":"default","site-content-style":"default","site-sidebar-style":"default","ast-global-header-display":"","ast-banner-title-visibility":"","ast-main-header-display":"","ast-hfb-above-header-display":"","ast-hfb-below-header-display":"","ast-hfb-mobile-header-display":"","site-post-title":"","ast-breadcrumbs-content":"","ast-featured-img":"","footer-sml-layout":"","theme-transparent-header-meta":"","adv-header-id-meta":"","stick-header-meta":"","header-above-stick-meta":"","header-main-stick-meta":"","header-below-stick-meta":"","astra-migrate-meta-layouts":"default","ast-page-background-enabled":"default","ast-page-background-meta":{"desktop":{"background-color":"var(--ast-global-color-4)","background-image":"","background-repeat":"repeat","background-position":"center center","background-size":"auto","background-attachment":"scroll","background-type":"","background-media":"","overlay-type":"","overlay-color":"","overlay-opacity":"","overlay-gradient":""},"tablet":{"background-color":"","background-image":"","background-repeat":"repeat","background-position":"center center","background-size":"auto","background-attachment":"scroll","background-type":"","background-media":"","overlay-type":"","overlay-color":"","overlay-opacity":"","overlay-gradient":""},"mobile":{"background-color":"","background-image":"","background-repeat":"repeat","background-position":"center center","background-size":"auto","background-attachment":"scroll","background-type":"","background-media":"","overlay-type":"","overlay-color":"","overlay-opacity":"","overlay-gradient":""}},"ast-content-background-meta":{"desktop":{"background-color":"var(--ast-global-color-5)","background-image":"","background-repeat":"repeat","background-position":"center center","background-size":"auto","background-attachment":"scroll","background-type":"","background-media":"","overlay-type":"","overlay-color":"","overlay-opacity":"","overlay-gradient":""},"tablet":{"background-color":"var(--ast-global-color-5)","background-image":"","background-repeat":"repeat","background-position":"center center","background-size":"auto","background-attachment":"scroll","background-type":"","background-media":"","overlay-type":"","overlay-color":"","overlay-opacity":"","overlay-gradient":""},"mobile":{"background-color":"var(--ast-global-color-5)","background-image":"","background-repeat":"repeat","background-position":"center center","background-size":"auto","background-attachment":"scroll","background-type":"","background-media":"","overlay-type":"","overlay-color":"","overlay-opacity":"","overlay-gradient":""}},"footnotes":""},"class_list":["post-43","page","type-page","status-publish","has-post-thumbnail","hentry"],"jetpack_sharing_enabled":true,"_links":{"self":[{"href":"https:\/\/taxivan.fr\/es\/wp-json\/wp\/v2\/pages\/43","targetHints":{"allow":["GET"]}}],"collection":[{"href":"https:\/\/taxivan.fr\/es\/wp-json\/wp\/v2\/pages"}],"about":[{"href":"https:\/\/taxivan.fr\/es\/wp-json\/wp\/v2\/types\/page"}],"author":[{"embeddable":true,"href":"https:\/\/taxivan.fr\/es\/wp-json\/wp\/v2\/users\/1"}],"replies":[{"embeddable":true,"href":"https:\/\/taxivan.fr\/es\/wp-json\/wp\/v2\/comments?post=43"}],"version-history":[{"count":3,"href":"https:\/\/taxivan.fr\/es\/wp-json\/wp\/v2\/pages\/43\/revisions"}],"predecessor-version":[{"id":83,"href":"https:\/\/taxivan.fr\/es\/wp-json\/wp\/v2\/pages\/43\/revisions\/83"}],"wp:featuredmedia":[{"embeddable":true,"href":"https:\/\/taxivan.fr\/es\/wp-json\/wp\/v2\/media\/44"}],"wp:attachment":[{"href":"https:\/\/taxivan.fr\/es\/wp-json\/wp\/v2\/media?parent=43"}],"curies":[{"name":"wp","href":"https:\/\/api.w.org\/{rel}","templated":true}]}}