{"id":46,"date":"2024-06-25T17:04:28","date_gmt":"2024-06-25T15:04:28","guid":{"rendered":"https:\/\/taxivan.fr\/?page_id=46"},"modified":"2024-07-10T11:37:03","modified_gmt":"2024-07-10T09:37:03","slug":"traslado-aeropuerto-lyon","status":"publish","type":"page","link":"https:\/\/taxivan.fr\/es\/traslado-aeropuerto-lyon","title":{"rendered":"Traslado aeropuerto Lyon"},"content":{"rendered":"<h2 class=\"wp-block-heading\">Traslado en taxi del Aeropuerto de Lyon a Courchevel<\/h2>\n\n\n\n<h3 class=\"wp-block-heading\">Servicio de taxi entre Courchevel y el aeropuerto Lyon Saint-Exup\u00e9ry<\/h3>\n\n\n\n<p>El aeropuerto de Lyon Saint-Exup\u00e9ry es el cuarto aeropuerto de Francia y goza de una ubicaci\u00f3n ideal entre lagos y monta\u00f1as. Nuestra compa\u00f1\u00eda alternativa de Taxis en Courchevel tambi\u00e9n est\u00e1 a su disposici\u00f3n para todos sus desplazamientos a Savoie .<\/p>\n\n\n\n<h3 class=\"wp-block-heading\">Una amplia gama de destinos en Lyon Saint-Exup\u00e9ry<\/h3>\n\n\n\n<p>El aeropuerto internacional de Lyon Saint-Exup\u00e9ry es utilizado por numerosas compa\u00f1\u00edas a\u00e9reas para vuelos de larga y media distancia.&nbsp;<\/p>\n\n\n\n<p>Nuestra compa\u00f1\u00eda estar\u00e1 presente en cuanto abandone la zona de desembarque.<\/p>\n\n\n\n<figure class=\"wp-block-image size-large\"><img fetchpriority=\"high\" decoding=\"async\" width=\"1024\" height=\"576\" src=\"https:\/\/taxivan.fr\/wp-content\/uploads\/2024\/06\/lyon-aeroport-transfert-van-1024x576.jpg\" alt=\"Traslado aeropuerto Lyon\" class=\"wp-image-47\" srcset=\"https:\/\/taxivan.fr\/wp-content\/uploads\/2024\/06\/lyon-aeroport-transfert-van-1024x576.jpg 1024w, https:\/\/taxivan.fr\/wp-content\/uploads\/2024\/06\/lyon-aeroport-transfert-van-600x338.jpg 600w, https:\/\/taxivan.fr\/wp-content\/uploads\/2024\/06\/lyon-aeroport-transfert-van-300x169.jpg 300w, https:\/\/taxivan.fr\/wp-content\/uploads\/2024\/06\/lyon-aeroport-transfert-van-768x432.jpg 768w, https:\/\/taxivan.fr\/wp-content\/uploads\/2024\/06\/lyon-aeroport-transfert-van-1536x864.jpg 1536w, https:\/\/taxivan.fr\/wp-content\/uploads\/2024\/06\/lyon-aeroport-transfert-van-170x96.jpg 170w, https:\/\/taxivan.fr\/wp-content\/uploads\/2024\/06\/lyon-aeroport-transfert-van-110x62.jpg 110w, https:\/\/taxivan.fr\/wp-content\/uploads\/2024\/06\/lyon-aeroport-transfert-van.jpg 1680w\" sizes=\"(max-width: 1024px) 100vw, 1024px\" \/><\/figure>\n\n\n\n<h3 class=\"wp-block-heading\">De Lyon Saint-Exup\u00e9ry a las estaciones de esqu\u00ed<\/h3>\n\n\n\n<p>Sea cual sea el destino elegido para sus vacaciones, es esencial que el transporte que utilice sea satisfactorio y le facilite la vida.&nbsp;<\/p>\n\n\n\n<p>Elegirnos es garant\u00eda de seguridad y tranquilidad, al tiempo que se beneficia de un servicio de alta gama.<\/p>\n\n\n\n<h3 class=\"wp-block-heading\">Su regreso en lanzadera<\/h3>\n\n\n\n<p>Al final de su estancia, estaremos a su disposici\u00f3n para llevarle de vuelta a su alojamiento en las mismas exigentes condiciones.<\/p>","protected":false},"excerpt":{"rendered":"<p>Transfert en Taxi entre l\u2019A\u00e9roport de Lyon et Courchevel Service de Transport en Taxi entre Courchevel et l\u2019A\u00e9roport de Lyon [&hellip;]<\/p>","protected":false},"author":1,"featured_media":47,"parent":0,"menu_order":0,"comment_status":"closed","ping_status":"closed","template":"","meta":{"site-sidebar-layout":"default","site-content-layout":"","ast-site-content-layout":"default","site-content-style":"default","site-sidebar-style":"default","ast-global-header-display":"","ast-banner-title-visibility":"","ast-main-header-display":"","ast-hfb-above-header-display":"","ast-hfb-below-header-display":"","ast-hfb-mobile-header-display":"","site-post-title":"","ast-breadcrumbs-content":"","ast-featured-img":"","footer-sml-layout":"","theme-transparent-header-meta":"","adv-header-id-meta":"","stick-header-meta":"","header-above-stick-meta":"","header-main-stick-meta":"","header-below-stick-meta":"","astra-migrate-meta-layouts":"default","ast-page-background-enabled":"default","ast-page-background-meta":{"desktop":{"background-color":"var(--ast-global-color-4)","background-image":"","background-repeat":"repeat","background-position":"center center","background-size":"auto","background-attachment":"scroll","background-type":"","background-media":"","overlay-type":"","overlay-color":"","overlay-opacity":"","overlay-gradient":""},"tablet":{"background-color":"","background-image":"","background-repeat":"repeat","background-position":"center center","background-size":"auto","background-attachment":"scroll","background-type":"","background-media":"","overlay-type":"","overlay-color":"","overlay-opacity":"","overlay-gradient":""},"mobile":{"background-color":"","background-image":"","background-repeat":"repeat","background-position":"center center","background-size":"auto","background-attachment":"scroll","background-type":"","background-media":"","overlay-type":"","overlay-color":"","overlay-opacity":"","overlay-gradient":""}},"ast-content-background-meta":{"desktop":{"background-color":"var(--ast-global-color-5)","background-image":"","background-repeat":"repeat","background-position":"center center","background-size":"auto","background-attachment":"scroll","background-type":"","background-media":"","overlay-type":"","overlay-color":"","overlay-opacity":"","overlay-gradient":""},"tablet":{"background-color":"var(--ast-global-color-5)","background-image":"","background-repeat":"repeat","background-position":"center center","background-size":"auto","background-attachment":"scroll","background-type":"","background-media":"","overlay-type":"","overlay-color":"","overlay-opacity":"","overlay-gradient":""},"mobile":{"background-color":"var(--ast-global-color-5)","background-image":"","background-repeat":"repeat","background-position":"center center","background-size":"auto","background-attachment":"scroll","background-type":"","background-media":"","overlay-type":"","overlay-color":"","overlay-opacity":"","overlay-gradient":""}},"footnotes":""},"class_list":["post-46","page","type-page","status-publish","has-post-thumbnail","hentry"],"jetpack_sharing_enabled":true,"_links":{"self":[{"href":"https:\/\/taxivan.fr\/es\/wp-json\/wp\/v2\/pages\/46","targetHints":{"allow":["GET"]}}],"collection":[{"href":"https:\/\/taxivan.fr\/es\/wp-json\/wp\/v2\/pages"}],"about":[{"href":"https:\/\/taxivan.fr\/es\/wp-json\/wp\/v2\/types\/page"}],"author":[{"embeddable":true,"href":"https:\/\/taxivan.fr\/es\/wp-json\/wp\/v2\/users\/1"}],"replies":[{"embeddable":true,"href":"https:\/\/taxivan.fr\/es\/wp-json\/wp\/v2\/comments?post=46"}],"version-history":[{"count":3,"href":"https:\/\/taxivan.fr\/es\/wp-json\/wp\/v2\/pages\/46\/revisions"}],"predecessor-version":[{"id":82,"href":"https:\/\/taxivan.fr\/es\/wp-json\/wp\/v2\/pages\/46\/revisions\/82"}],"wp:featuredmedia":[{"embeddable":true,"href":"https:\/\/taxivan.fr\/es\/wp-json\/wp\/v2\/media\/47"}],"wp:attachment":[{"href":"https:\/\/taxivan.fr\/es\/wp-json\/wp\/v2\/media?parent=46"}],"curies":[{"name":"wp","href":"https:\/\/api.w.org\/{rel}","templated":true}]}}