{"id":49,"date":"2024-06-25T17:10:10","date_gmt":"2024-06-25T15:10:10","guid":{"rendered":"https:\/\/taxivan.fr\/?page_id=49"},"modified":"2024-07-10T11:40:27","modified_gmt":"2024-07-10T09:40:27","slug":"traslado-estacion-courchevel","status":"publish","type":"page","link":"https:\/\/taxivan.fr\/es\/traslado-estacion-courchevel","title":{"rendered":"Traslado estaci\u00f3n de Courchevel"},"content":{"rendered":"<h2 class=\"wp-block-heading\">Traslado en taxi VTC entre Courchevel y las estaciones de Ginebra, Chamb\u00e9ry, Lyon, Annecy, Mo\u00fbtiers, Tur\u00edn o Mil\u00e1n<\/h2>\n\n\n\n<h3 class=\"wp-block-heading\">Su Taxi Furgoneta Courchevel: Traslados desde y hacia todas las estaciones<\/h3>\n\n\n\n<p>Courchevel Taxi Van tambi\u00e9n puede recogerle al bajar del tren en cualquiera de las estaciones que se indican a continuaci\u00f3n. Por supuesto, se ofrecen los mismos servicios.<\/p>\n\n\n\n<h2 class=\"wp-block-heading\">Traslados con ch\u00f3fer de Alternative Taxi a las estaciones<\/h2>\n\n\n\n<h3 class=\"wp-block-heading\">Experiencia y fiabilidad<\/h3>\n\n\n\n<p>Nuestra empresa de VTC de alta gama es socio habitual de las siguientes emisoras:<\/p>\n\n\n\n<ul class=\"wp-block-list\">\n<li><strong>Estaci\u00f3n de Ginebra \u2194 Courchevel- M\u00e9ribel - Val Thorens<\/strong> <\/li>\n\n\n\n<li><strong>Estaci\u00f3n del aeropuerto de Ginebra \u2194 Courchevel- M\u00e9ribel - Val Thorens<\/strong> <\/li>\n\n\n\n<li><strong>Estaci\u00f3n de Chamb\u00e9ry \u2194 Courchevel- M\u00e9ribel - Val Thorens<\/strong> <\/li>\n\n\n\n<li><strong>Estaci\u00f3n de Mo\u00fbtiers \u2194 Courchevel- M\u00e9ribel - Val Thorens<\/strong> <\/li>\n\n\n\n<li><strong>Gare de Lyon \u2194 Courchevel- M\u00e9ribel - Val Thorens<\/strong><\/li>\n\n\n\n<li><strong>Estaci\u00f3n de Tur\u00edn \u2194 Courchevel- M\u00e9ribel - Val Thorens<\/strong> <\/li>\n\n\n\n<li><strong>Estaci\u00f3n de Mil\u00e1n \u2194 Courchevel- M\u00e9ribel - Val Thorens<\/strong> <\/li>\n<\/ul>\n\n\n\n<h3 class=\"wp-block-heading\">Nuestra experiencia en traslados de estaci\u00f3n - Courchevel<\/h3>\n\n\n\n<p>Nuestra experiencia nos permite garantizarle un trayecto de calidad desde y hacia las estaciones de Francia, Suiza e Italia. Conocemos las mejores rutas para ofrecerle un traslado seguro y r\u00e1pido. Nuestro objetivo es eliminar todo el estr\u00e9s de su viaje, para que pueda prolongar las ventajas de su estancia hasta el \u00faltimo minuto, o aprovechar al m\u00e1ximo sus vacaciones lo antes posible.<\/p>\n\n\n\n<figure class=\"wp-block-image size-large\"><img fetchpriority=\"high\" decoding=\"async\" width=\"1024\" height=\"579\" src=\"https:\/\/taxivan.fr\/wp-content\/uploads\/2024\/06\/transfert-gare-courchevel-1024x579.jpg\" alt=\"\" class=\"wp-image-50\" srcset=\"https:\/\/taxivan.fr\/wp-content\/uploads\/2024\/06\/transfert-gare-courchevel-1024x579.jpg 1024w, https:\/\/taxivan.fr\/wp-content\/uploads\/2024\/06\/transfert-gare-courchevel-600x339.jpg 600w, https:\/\/taxivan.fr\/wp-content\/uploads\/2024\/06\/transfert-gare-courchevel-300x170.jpg 300w, https:\/\/taxivan.fr\/wp-content\/uploads\/2024\/06\/transfert-gare-courchevel-768x434.jpg 768w, https:\/\/taxivan.fr\/wp-content\/uploads\/2024\/06\/transfert-gare-courchevel-170x96.jpg 170w, https:\/\/taxivan.fr\/wp-content\/uploads\/2024\/06\/transfert-gare-courchevel-110x62.jpg 110w, https:\/\/taxivan.fr\/wp-content\/uploads\/2024\/06\/transfert-gare-courchevel.jpg 1400w\" sizes=\"(max-width: 1024px) 100vw, 1024px\" \/><\/figure>\n\n\n\n<h3 class=\"wp-block-heading\">Recogida en la estaci\u00f3n con Taxi Alternativo a Courchevel<\/h3>\n\n\n\n<p>Le aconsejamos que reserve su propio VTC. Una bienvenida personalizada le evitar\u00e1 todo el estr\u00e9s del traslado a su lugar de residencia.&nbsp;<\/p>\n\n\n\n<h3 class=\"wp-block-heading\">Salida hacia una estaci\u00f3n de tren con su Taxi Alternativo Courchevel<\/h3>\n\n\n\n<p>Al final de sus vacaciones, su traslado se realizar\u00e1 en las mismas condiciones de calidad. Su ch\u00f3fer habr\u00e1 estimado un margen de seguridad para garantizarle un tiempo de embarque suficiente que le evite cualquier estr\u00e9s.<\/p>\n\n\n\n<p>Elegir nuestra compa\u00f1\u00eda de taxis VAN 7places le garantiza trayectos fiables con un confort ejemplar. \u00a1No lo dude m\u00e1s!<\/p>","protected":false},"excerpt":{"rendered":"<p>Transfert Chauffeur de Taxi VTC entre Courchevel et les Gares de Gen\u00e8ve, Chamb\u00e9ry, Lyon, Annecy, Mo\u00fbtiers, Turin ou Milan Votre [&hellip;]<\/p>","protected":false},"author":1,"featured_media":50,"parent":0,"menu_order":0,"comment_status":"closed","ping_status":"closed","template":"","meta":{"site-sidebar-layout":"default","site-content-layout":"","ast-site-content-layout":"default","site-content-style":"default","site-sidebar-style":"default","ast-global-header-display":"","ast-banner-title-visibility":"","ast-main-header-display":"","ast-hfb-above-header-display":"","ast-hfb-below-header-display":"","ast-hfb-mobile-header-display":"","site-post-title":"","ast-breadcrumbs-content":"","ast-featured-img":"","footer-sml-layout":"","theme-transparent-header-meta":"","adv-header-id-meta":"","stick-header-meta":"","header-above-stick-meta":"","header-main-stick-meta":"","header-below-stick-meta":"","astra-migrate-meta-layouts":"default","ast-page-background-enabled":"default","ast-page-background-meta":{"desktop":{"background-color":"var(--ast-global-color-4)","background-image":"","background-repeat":"repeat","background-position":"center center","background-size":"auto","background-attachment":"scroll","background-type":"","background-media":"","overlay-type":"","overlay-color":"","overlay-opacity":"","overlay-gradient":""},"tablet":{"background-color":"","background-image":"","background-repeat":"repeat","background-position":"center center","background-size":"auto","background-attachment":"scroll","background-type":"","background-media":"","overlay-type":"","overlay-color":"","overlay-opacity":"","overlay-gradient":""},"mobile":{"background-color":"","background-image":"","background-repeat":"repeat","background-position":"center center","background-size":"auto","background-attachment":"scroll","background-type":"","background-media":"","overlay-type":"","overlay-color":"","overlay-opacity":"","overlay-gradient":""}},"ast-content-background-meta":{"desktop":{"background-color":"var(--ast-global-color-5)","background-image":"","background-repeat":"repeat","background-position":"center center","background-size":"auto","background-attachment":"scroll","background-type":"","background-media":"","overlay-type":"","overlay-color":"","overlay-opacity":"","overlay-gradient":""},"tablet":{"background-color":"var(--ast-global-color-5)","background-image":"","background-repeat":"repeat","background-position":"center center","background-size":"auto","background-attachment":"scroll","background-type":"","background-media":"","overlay-type":"","overlay-color":"","overlay-opacity":"","overlay-gradient":""},"mobile":{"background-color":"var(--ast-global-color-5)","background-image":"","background-repeat":"repeat","background-position":"center center","background-size":"auto","background-attachment":"scroll","background-type":"","background-media":"","overlay-type":"","overlay-color":"","overlay-opacity":"","overlay-gradient":""}},"footnotes":""},"class_list":["post-49","page","type-page","status-publish","has-post-thumbnail","hentry"],"jetpack_sharing_enabled":true,"_links":{"self":[{"href":"https:\/\/taxivan.fr\/es\/wp-json\/wp\/v2\/pages\/49","targetHints":{"allow":["GET"]}}],"collection":[{"href":"https:\/\/taxivan.fr\/es\/wp-json\/wp\/v2\/pages"}],"about":[{"href":"https:\/\/taxivan.fr\/es\/wp-json\/wp\/v2\/types\/page"}],"author":[{"embeddable":true,"href":"https:\/\/taxivan.fr\/es\/wp-json\/wp\/v2\/users\/1"}],"replies":[{"embeddable":true,"href":"https:\/\/taxivan.fr\/es\/wp-json\/wp\/v2\/comments?post=49"}],"version-history":[{"count":5,"href":"https:\/\/taxivan.fr\/es\/wp-json\/wp\/v2\/pages\/49\/revisions"}],"predecessor-version":[{"id":345,"href":"https:\/\/taxivan.fr\/es\/wp-json\/wp\/v2\/pages\/49\/revisions\/345"}],"wp:featuredmedia":[{"embeddable":true,"href":"https:\/\/taxivan.fr\/es\/wp-json\/wp\/v2\/media\/50"}],"wp:attachment":[{"href":"https:\/\/taxivan.fr\/es\/wp-json\/wp\/v2\/media?parent=49"}],"curies":[{"name":"wp","href":"https:\/\/api.w.org\/{rel}","templated":true}]}}