{"id":52,"date":"2024-06-25T18:21:16","date_gmt":"2024-06-25T16:21:16","guid":{"rendered":"https:\/\/taxivan.fr\/?page_id=52"},"modified":"2024-06-25T18:39:07","modified_gmt":"2024-06-25T16:39:07","slug":"pongase-en-contacto-con","status":"publish","type":"page","link":"https:\/\/taxivan.fr\/es\/pongase-en-contacto-con","title":{"rendered":"P\u00f3ngase en contacto con"},"content":{"rendered":"<div class=\"wp-block-cover alignfull is-light\" style=\"min-height:498px;aspect-ratio:unset;\"><span aria-hidden=\"true\" class=\"wp-block-cover__background has-background-dim-100 has-background-dim\" style=\"background-color:#ffffff\"><\/span><div class=\"wp-block-cover__inner-container is-layout-flow wp-block-cover-is-layout-flow\">\n<div class=\"wp-block-media-text alignwide is-stacked-on-mobile is-vertically-aligned-center is-image-fill\" style=\"grid-template-columns:56% auto\"><figure class=\"wp-block-media-text__media\" style=\"background-image:url(https:\/\/taxivan.fr\/wp-content\/uploads\/2024\/06\/Courchevel_1850.jpg);background-position:50% 50%\"><img decoding=\"async\" width=\"280\" height=\"157\" src=\"https:\/\/taxivan.fr\/wp-content\/uploads\/2024\/06\/Courchevel_1850.jpg\" alt=\"\" class=\"wp-image-54 size-full\" srcset=\"https:\/\/taxivan.fr\/wp-content\/uploads\/2024\/06\/Courchevel_1850.jpg 280w, https:\/\/taxivan.fr\/wp-content\/uploads\/2024\/06\/Courchevel_1850-170x95.jpg 170w, https:\/\/taxivan.fr\/wp-content\/uploads\/2024\/06\/Courchevel_1850-110x62.jpg 110w\" sizes=\"(max-width: 280px) 100vw, 280px\" \/><\/figure><div class=\"wp-block-media-text__content\">\n<h2 class=\"wp-block-heading has-black-color has-white-background-color has-text-color has-background\" style=\"font-size:32px\"><strong>\u00a1Contacte con su conductor de Taxi Van en Courchevel!<br><\/strong><\/h2>\n\n\n\n<p class=\"has-text-color\" style=\"color:#000000;font-size:17px\">Taxis a Courchevel, M\u00e9ribel, Tania y Val-Thorens<\/p>\n\n\n\n<div class=\"wp-block-buttons is-layout-flex wp-block-buttons-is-layout-flex\">\n<div class=\"wp-block-button is-style-fill\"><a class=\"wp-block-button__link wp-element-button\" href=\"https:\/\/taxivan.fr\/es\/#wpcf7-f53-p52-o1\">Contacto<\/a><\/div>\n<\/div>\n<\/div><\/div>\n<\/div><\/div>\n\n\n\n<div class=\"wpcf7 no-js\" id=\"wpcf7-f53-o1\" lang=\"fr-FR\" dir=\"ltr\" data-wpcf7-id=\"53\">\n<div class=\"screen-reader-response\"><p role=\"status\" aria-live=\"polite\" aria-atomic=\"true\"><\/p> <ul><\/ul><\/div>\n<form action=\"\/es\/wp-json\/wp\/v2\/pages\/52#wpcf7-f53-o1\" method=\"post\" class=\"wpcf7-form init\" aria-label=\"Formulaire de contact\" novalidate=\"novalidate\" data-status=\"init\" data-trp-original-action=\"\/es\/wp-json\/wp\/v2\/pages\/52#wpcf7-f53-o1\">\n<fieldset class=\"hidden-fields-container\"><input type=\"hidden\" name=\"_wpcf7\" value=\"53\" \/><input type=\"hidden\" name=\"_wpcf7_version\" value=\"6.1.3\" \/><input type=\"hidden\" name=\"_wpcf7_locale\" value=\"fr_FR\" \/><input type=\"hidden\" name=\"_wpcf7_unit_tag\" value=\"wpcf7-f53-o1\" \/><input type=\"hidden\" name=\"_wpcf7_container_post\" value=\"0\" \/><input type=\"hidden\" name=\"_wpcf7_posted_data_hash\" value=\"\" \/><input type=\"hidden\" name=\"_wpcf7_key\" value=\"formulaire-de-contact-1\" \/><input type=\"hidden\" name=\"_cf7sg_toggles\" value=\"\" \/><input type=\"hidden\" name=\"_cf7sg_version\" value=\"4.15.8\" \/><input type=\"hidden\" name=\"_wpnonce\" value=\"a57a005021\" \/>\n<\/fieldset>\n<p><label> Su nombre <\/label><br \/>\n<span class=\"wpcf7-form-control-wrap\" data-name=\"your-name\"><input size=\"40\" maxlength=\"400\" class=\"wpcf7-form-control wpcf7-text wpcf7-validates-as-required\" autocomplete=\"name\" aria-required=\"true\" aria-invalid=\"false\" value=\"\" type=\"text\" name=\"your-name\" \/><\/span>\n<\/p>\n<p><label> Tu e-mail <\/label><br \/>\n<span class=\"wpcf7-form-control-wrap\" data-name=\"your-email\"><input size=\"40\" maxlength=\"400\" class=\"wpcf7-form-control wpcf7-email wpcf7-validates-as-required wpcf7-text wpcf7-validates-as-email\" autocomplete=\"email\" aria-required=\"true\" aria-invalid=\"false\" value=\"\" type=\"email\" name=\"your-email\" \/><\/span>\n<\/p>\n<p><label> Objeto <\/label><br \/>\n<span class=\"wpcf7-form-control-wrap\" data-name=\"your-subject\"><input size=\"40\" maxlength=\"400\" class=\"wpcf7-form-control wpcf7-text wpcf7-validates-as-required\" aria-required=\"true\" aria-invalid=\"false\" value=\"\" type=\"text\" name=\"your-subject\" \/><\/span>\n<\/p>\n<p><label> Su mensaje (opcional) <\/label><br \/>\n<span class=\"wpcf7-form-control-wrap\" data-name=\"your-message\"><textarea cols=\"40\" rows=\"10\" maxlength=\"2000\" class=\"wpcf7-form-control wpcf7-textarea\" aria-invalid=\"false\" name=\"your-message\"><\/textarea><\/span>\n<\/p>\n<p><input class=\"wpcf7-form-control wpcf7-submit has-spinner\" type=\"submit\" value=\"Enviar\" \/>\n<\/p><div class=\"wpcf7-response-output\" aria-hidden=\"true\"><\/div>\n<input type=\"hidden\" name=\"trp-form-language\" value=\"es\"\/><\/form>\n<\/div>\n\n\n\n\n<h2 class=\"wp-block-heading\">P\u00f3ngase en contacto con su taxista de Courchevel<\/h2>\n\n\n\n<p>Para todos sus desplazamientos en taxi en Courchevel, M\u00e9ribel, Val-Thorens y La Tania, llame a nuestra empresa. Para reservar su taxi en Courchevel, contacte directamente con nosotros para conocer nuestros servicios de alta gama y todo lo que podemos ofrecerle. Nuestro servicio de transporte es sencillo, transparente y eficaz. Con nosotros, no hay sorpresas: llegar\u00e1 a su destino a tiempo.<\/p>\n\n\n\n<p>Nuestra empresa de taxis de Courchevel ha desarrollado una gama completa de servicios para satisfacer todas sus necesidades. Realizamos traslados entre los aeropuertos de Ginebra, Lyon-Saint-Exup\u00e9ry, Chamb\u00e9ry-Savoie y Annecy-L\u00e9man y las estaciones. Le recibiremos directamente en el aeropuerto con un cartel con su nombre y le llevaremos directamente a su hotel. Disfrute de un viaje confortable en un veh\u00edculo espacioso con numerosos servicios a bordo, como agua embotellada, cargadores de tel\u00e9fono y de iPhone, y gu\u00edas de la regi\u00f3n. Nuestro conductor triling\u00fce franc\u00e9s\/ingl\u00e9s\/ruso garantiza un servicio de primera calidad. Viajar\u00e1 c\u00f3modamente mientras admira los magn\u00edficos paisajes de la regi\u00f3n.<\/p>\n\n\n\n<p>Tambi\u00e9n ofrecemos traslados a las principales estaciones de la regi\u00f3n: Chamb\u00e9ry - Challes-les-Eaux, Lyon-Part-Dieu, Ginebra, Annecy y Mo\u00fbtiers.<\/p>\n\n\n\n<p>Todos nuestros servicios de taxi en Courchevel y Savoie est\u00e1n a su disposici\u00f3n. Para las llegadas a Courchevel Altiport, nuestro taxi le recoger\u00e1 directamente a su llegada. Con base en el coraz\u00f3n de la estaci\u00f3n, le garantizamos una llegada r\u00e1pida a su destino, incluso en el \u00faltimo momento.<\/p>\n\n\n\n<p>Puede confiar plenamente en nuestros servicios de taxi y en la calidad de nuestro trabajo. Su satisfacci\u00f3n es nuestra m\u00e1xima prioridad. No olvide reservar su viaje de vuelta con nosotros.<\/p>\n\n\n\n<p>Estaremos encantados de darle la bienvenida a bordo para su pr\u00f3ximo viaje y ayudarle a que sus planes sean un \u00e9xito, tanto si est\u00e1 de vacaciones como si viaja por negocios.<\/p>","protected":false},"excerpt":{"rendered":"<p>Contactez votre chauffeur de Taxi \u00e0 Courchevel ! Pour tous vos d\u00e9placements \u00e0 Courchevel, M\u00e9ribel, Val-Thorens et La Tania en [&hellip;]<\/p>","protected":false},"author":1,"featured_media":0,"parent":0,"menu_order":0,"comment_status":"closed","ping_status":"closed","template":"","meta":{"site-sidebar-layout":"default","site-content-layout":"","ast-site-content-layout":"default","site-content-style":"default","site-sidebar-style":"default","ast-global-header-display":"","ast-banner-title-visibility":"","ast-main-header-display":"","ast-hfb-above-header-display":"","ast-hfb-below-header-display":"","ast-hfb-mobile-header-display":"","site-post-title":"","ast-breadcrumbs-content":"","ast-featured-img":"","footer-sml-layout":"","theme-transparent-header-meta":"","adv-header-id-meta":"","stick-header-meta":"","header-above-stick-meta":"","header-main-stick-meta":"","header-below-stick-meta":"","astra-migrate-meta-layouts":"default","ast-page-background-enabled":"default","ast-page-background-meta":{"desktop":{"background-color":"var(--ast-global-color-4)","background-image":"","background-repeat":"repeat","background-position":"center center","background-size":"auto","background-attachment":"scroll","background-type":"","background-media":"","overlay-type":"","overlay-color":"","overlay-opacity":"","overlay-gradient":""},"tablet":{"background-color":"","background-image":"","background-repeat":"repeat","background-position":"center center","background-size":"auto","background-attachment":"scroll","background-type":"","background-media":"","overlay-type":"","overlay-color":"","overlay-opacity":"","overlay-gradient":""},"mobile":{"background-color":"","background-image":"","background-repeat":"repeat","background-position":"center center","background-size":"auto","background-attachment":"scroll","background-type":"","background-media":"","overlay-type":"","overlay-color":"","overlay-opacity":"","overlay-gradient":""}},"ast-content-background-meta":{"desktop":{"background-color":"var(--ast-global-color-5)","background-image":"","background-repeat":"repeat","background-position":"center center","background-size":"auto","background-attachment":"scroll","background-type":"","background-media":"","overlay-type":"","overlay-color":"","overlay-opacity":"","overlay-gradient":""},"tablet":{"background-color":"var(--ast-global-color-5)","background-image":"","background-repeat":"repeat","background-position":"center center","background-size":"auto","background-attachment":"scroll","background-type":"","background-media":"","overlay-type":"","overlay-color":"","overlay-opacity":"","overlay-gradient":""},"mobile":{"background-color":"var(--ast-global-color-5)","background-image":"","background-repeat":"repeat","background-position":"center center","background-size":"auto","background-attachment":"scroll","background-type":"","background-media":"","overlay-type":"","overlay-color":"","overlay-opacity":"","overlay-gradient":""}},"footnotes":""},"class_list":["post-52","page","type-page","status-publish","hentry"],"jetpack_sharing_enabled":true,"_links":{"self":[{"href":"https:\/\/taxivan.fr\/es\/wp-json\/wp\/v2\/pages\/52","targetHints":{"allow":["GET"]}}],"collection":[{"href":"https:\/\/taxivan.fr\/es\/wp-json\/wp\/v2\/pages"}],"about":[{"href":"https:\/\/taxivan.fr\/es\/wp-json\/wp\/v2\/types\/page"}],"author":[{"embeddable":true,"href":"https:\/\/taxivan.fr\/es\/wp-json\/wp\/v2\/users\/1"}],"replies":[{"embeddable":true,"href":"https:\/\/taxivan.fr\/es\/wp-json\/wp\/v2\/comments?post=52"}],"version-history":[{"count":5,"href":"https:\/\/taxivan.fr\/es\/wp-json\/wp\/v2\/pages\/52\/revisions"}],"predecessor-version":[{"id":61,"href":"https:\/\/taxivan.fr\/es\/wp-json\/wp\/v2\/pages\/52\/revisions\/61"}],"wp:attachment":[{"href":"https:\/\/taxivan.fr\/es\/wp-json\/wp\/v2\/media?parent=52"}],"curies":[{"name":"wp","href":"https:\/\/api.w.org\/{rel}","templated":true}]}}