{"id":49,"date":"2024-06-25T17:10:10","date_gmt":"2024-06-25T15:10:10","guid":{"rendered":"https:\/\/taxivan.fr\/?page_id=49"},"modified":"2024-07-10T11:40:27","modified_gmt":"2024-07-10T09:40:27","slug":"%d1%82%d1%80%d0%b0%d0%bd%d1%81%d1%84%d0%b5%d1%80-%d0%bd%d0%b0-%d1%81%d1%82%d0%b0%d0%bd%d1%86%d0%b8%d0%b8-%d0%ba%d1%83%d1%80%d1%88%d0%b5%d0%b2%d0%b5%d0%bb%d1%8c","status":"publish","type":"page","link":"https:\/\/taxivan.fr\/ru\/%d1%82%d1%80%d0%b0%d0%bd%d1%81%d1%84%d0%b5%d1%80-%d0%bd%d0%b0-%d1%81%d1%82%d0%b0%d0%bd%d1%86%d0%b8%d0%b8-%d0%ba%d1%83%d1%80%d1%88%d0%b5%d0%b2%d0%b5%d0%bb%d1%8c","title":{"rendered":"\u0422\u0440\u0430\u043d\u0441\u0444\u0435\u0440 \u0441 \u0432\u043e\u043a\u0437\u0430\u043b\u0430 \u041a\u0443\u0440\u0448\u0435\u0432\u0435\u043b\u044f"},"content":{"rendered":"<h2 class=\"wp-block-heading\">\u0422\u0440\u0430\u043d\u0441\u0444\u0435\u0440 \u043d\u0430 \u0442\u0430\u043a\u0441\u0438 VTC \u043c\u0435\u0436\u0434\u0443 \u041a\u0443\u0440\u0448\u0435\u0432\u0435\u043b\u0435\u043c \u0438 \u0432\u043e\u043a\u0437\u0430\u043b\u0430\u043c\u0438 \u0416\u0435\u043d\u0435\u0432\u044b, \u0428\u0430\u043c\u0431\u0435\u0440\u0438, \u041b\u0438\u043e\u043d\u0430, \u0410\u043d\u0441\u0438, \u041c\u0443\u0442\u044c\u0435, \u0422\u0443\u0440\u0438\u043d\u0430 \u0438\u043b\u0438 \u041c\u0438\u043b\u0430\u043d\u0430<\/h2>\n\n\n\n<h3 class=\"wp-block-heading\">\u0412\u0430\u0448 \u0432\u043e\u0434\u0438\u0442\u0435\u043b\u044c \u0442\u0430\u043a\u0441\u0438-\u0444\u0443\u0440\u0433\u043e\u043d\u0430 \u0432 \u041a\u0443\u0440\u0448\u0435\u0432\u0435\u043b\u0435: \u0442\u0440\u0430\u043d\u0441\u0444\u0435\u0440 \u043d\u0430 \u0432\u0441\u0435 \u0441\u0442\u0430\u043d\u0446\u0438\u0438 \u0438 \u043e\u0431\u0440\u0430\u0442\u043d\u043e<\/h3>\n\n\n\n<p>\u0422\u0430\u043a\u0441\u0438-\u0432\u0430\u043d \u041a\u0443\u0440\u0448\u0435\u0432\u0435\u043b\u044f \u0442\u0430\u043a\u0436\u0435 \u043c\u043e\u0436\u0435\u0442 \u0437\u0430\u0431\u0440\u0430\u0442\u044c \u0432\u0430\u0441, \u043a\u043e\u0433\u0434\u0430 \u0432\u044b \u0441\u043e\u0439\u0434\u0435\u0442\u0435 \u0441 \u043f\u043e\u0435\u0437\u0434\u0430 \u043d\u0430 \u043b\u044e\u0431\u043e\u0439 \u0438\u0437 \u0441\u0442\u0430\u043d\u0446\u0438\u0439, \u043f\u0435\u0440\u0435\u0447\u0438\u0441\u043b\u0435\u043d\u043d\u044b\u0445 \u043d\u0438\u0436\u0435. \u0420\u0430\u0437\u0443\u043c\u0435\u0435\u0442\u0441\u044f, \u043f\u0440\u0435\u0434\u043e\u0441\u0442\u0430\u0432\u043b\u044f\u044e\u0442\u0441\u044f \u0442\u0435 \u0436\u0435 \u0443\u0441\u043b\u0443\u0433\u0438.<\/p>\n\n\n\n<h2 class=\"wp-block-heading\">\u0422\u0440\u0430\u043d\u0441\u0444\u0435\u0440\u044b \u0441 \u0448\u043e\u0444\u0435\u0440\u043e\u043c \u043e\u0442 \u0410\u043b\u044c\u0442\u0435\u0440\u043d\u0430\u0442\u0438\u0432\u043d\u043e\u0433\u043e \u0442\u0430\u043a\u0441\u0438 \u0434\u043e \u0441\u0442\u0430\u043d\u0446\u0438\u0439<\/h2>\n\n\n\n<h3 class=\"wp-block-heading\">\u041e\u043f\u044b\u0442 \u0438 \u043d\u0430\u0434\u0435\u0436\u043d\u043e\u0441\u0442\u044c<\/h3>\n\n\n\n<p>\u041d\u0430\u0448\u0430 \u0432\u044b\u0441\u043e\u043a\u043e\u043a\u043b\u0430\u0441\u0441\u043d\u0430\u044f \u043a\u043e\u043c\u043f\u0430\u043d\u0438\u044f VTC \u044f\u0432\u043b\u044f\u0435\u0442\u0441\u044f \u043f\u043e\u0441\u0442\u043e\u044f\u043d\u043d\u044b\u043c \u043f\u0430\u0440\u0442\u043d\u0435\u0440\u043e\u043c \u0441\u043b\u0435\u0434\u0443\u044e\u0449\u0438\u0445 \u0441\u0442\u0430\u043d\u0446\u0438\u0439:<\/p>\n\n\n\n<ul class=\"wp-block-list\">\n<li><strong>\u0416\u0435\u043d\u0435\u0432\u0441\u043a\u0438\u0439 \u0432\u043e\u043a\u0437\u0430\u043b \u2194 \u041a\u0443\u0440\u0448\u0435\u0432\u0435\u043b\u044c - \u041c\u0435\u0440\u0438\u0431\u0435\u043b\u044c - \u0412\u0430\u043b\u044c-\u0422\u043e\u0440\u0435\u043d\u0441<\/strong> <\/li>\n\n\n\n<li><strong>\u0421\u0442\u0430\u043d\u0446\u0438\u044f \u0430\u044d\u0440\u043e\u043f\u043e\u0440\u0442\u0430 \u0416\u0435\u043d\u0435\u0432\u044b \u2194 \u041a\u0443\u0440\u0448\u0435\u0432\u0435\u043b\u044c - \u041c\u0435\u0440\u0438\u0431\u0435\u043b\u044c - \u0412\u0430\u043b\u044c-\u0422\u043e\u0440\u0435\u043d\u0441<\/strong> <\/li>\n\n\n\n<li><strong>\u0412\u043e\u043a\u0437\u0430\u043b \u0428\u0430\u043c\u0431\u0435\u0440\u0438 \u2194 \u041a\u0443\u0440\u0448\u0435\u0432\u0435\u043b\u044c - \u041c\u0435\u0440\u0438\u0431\u0435\u043b\u044c - \u0412\u0430\u043b\u044c-\u0422\u043e\u0440\u0435\u043d\u0441<\/strong> <\/li>\n\n\n\n<li><strong>\u0421\u0442\u0430\u043d\u0446\u0438\u044f Mo\u00fbtiers \u2194 \u041a\u0443\u0440\u0448\u0435\u0432\u0435\u043b\u044c - \u041c\u0435\u0440\u0438\u0431\u0435\u043b\u044c - \u0412\u0430\u043b\u044c \u0422\u043e\u0440\u0430\u043d\u0441<\/strong> <\/li>\n\n\n\n<li><strong>\u041b\u0438\u043e\u043d\u0441\u043a\u0438\u0439 \u0432\u043e\u043a\u0437\u0430\u043b \u2194 \u041a\u0443\u0440\u0448\u0435\u0432\u0435\u043b\u044c - \u041c\u0435\u0440\u0438\u0431\u0435\u043b\u044c - \u0412\u0430\u043b\u044c-\u0422\u043e\u0440\u0435\u043d\u0441<\/strong><\/li>\n\n\n\n<li><strong>\u0421\u0442\u0430\u043d\u0446\u0438\u044f \u0422\u0443\u0440\u0438\u043d \u2194 \u041a\u0443\u0440\u0448\u0435\u0432\u0435\u043b\u044c - \u041c\u0435\u0440\u0438\u0431\u0435\u043b\u044c - \u0412\u0430\u043b\u044c \u0422\u043e\u0440\u0430\u043d\u0441<\/strong> <\/li>\n\n\n\n<li><strong>\u041c\u0438\u043b\u0430\u043d\u0441\u043a\u0438\u0439 \u0432\u043e\u043a\u0437\u0430\u043b \u2194 \u041a\u0443\u0440\u0448\u0435\u0432\u0435\u043b\u044c - \u041c\u0435\u0440\u0438\u0431\u0435\u043b\u044c - \u0412\u0430\u043b\u044c \u0422\u043e\u0440\u0430\u043d\u0441<\/strong> <\/li>\n<\/ul>\n\n\n\n<h3 class=\"wp-block-heading\">\u041d\u0430\u0448\u0438 \u0437\u043d\u0430\u043d\u0438\u044f \u0438 \u043e\u043f\u044b\u0442 \u0432 \u043e\u0431\u043b\u0430\u0441\u0442\u0438 \u0442\u0440\u0430\u043d\u0441\u0444\u0435\u0440\u043e\u0432 \u0441\u043e \u0441\u0442\u0430\u043d\u0446\u0438\u0439 - \u041a\u0443\u0440\u0448\u0435\u0432\u0435\u043b\u044c<\/h3>\n\n\n\n<p>\u0411\u043b\u0430\u0433\u043e\u0434\u0430\u0440\u044f \u043d\u0430\u0448\u0435\u043c\u0443 \u043e\u043f\u044b\u0442\u0443 \u043c\u044b \u043c\u043e\u0436\u0435\u043c \u0433\u0430\u0440\u0430\u043d\u0442\u0438\u0440\u043e\u0432\u0430\u0442\u044c \u0432\u0430\u043c \u043a\u0430\u0447\u0435\u0441\u0442\u0432\u0435\u043d\u043d\u0443\u044e \u043f\u043e\u0435\u0437\u0434\u043a\u0443 \u043d\u0430 \u0432\u043e\u043a\u0437\u0430\u043b\u044b \u0438 \u043e\u0431\u0440\u0430\u0442\u043d\u043e \u0432\u043e \u0424\u0440\u0430\u043d\u0446\u0438\u0438, \u0428\u0432\u0435\u0439\u0446\u0430\u0440\u0438\u0438 \u0438 \u0418\u0442\u0430\u043b\u0438\u0438. \u041c\u044b \u0437\u043d\u0430\u0435\u043c \u043b\u0443\u0447\u0448\u0438\u0435 \u043c\u0430\u0440\u0448\u0440\u0443\u0442\u044b, \u0447\u0442\u043e\u0431\u044b \u043f\u0440\u0435\u0434\u043b\u043e\u0436\u0438\u0442\u044c \u0432\u0430\u043c \u0431\u0435\u0437\u043e\u043f\u0430\u0441\u043d\u044b\u0439 \u0438 \u0431\u044b\u0441\u0442\u0440\u044b\u0439 \u0442\u0440\u0430\u043d\u0441\u0444\u0435\u0440. \u041d\u0430\u0448\u0430 \u0446\u0435\u043b\u044c - \u0438\u0437\u0431\u0430\u0432\u0438\u0442\u044c \u0432\u0430\u0441 \u043e\u0442 \u0441\u0442\u0440\u0435\u0441\u0441\u0430, \u0447\u0442\u043e\u0431\u044b \u0432\u044b \u043c\u043e\u0433\u043b\u0438 \u043f\u0440\u043e\u0434\u043b\u0438\u0442\u044c \u0441\u0432\u043e\u0435 \u043f\u0440\u0435\u0431\u044b\u0432\u0430\u043d\u0438\u0435 \u0434\u043e \u043f\u043e\u0441\u043b\u0435\u0434\u043d\u0435\u0439 \u043c\u0438\u043d\u0443\u0442\u044b \u0438\u043b\u0438 \u043d\u0430\u0441\u043b\u0430\u0434\u0438\u0442\u044c\u0441\u044f \u043e\u0442\u043f\u0443\u0441\u043a\u043e\u043c \u043a\u0430\u043a \u043c\u043e\u0436\u043d\u043e \u0441\u043a\u043e\u0440\u0435\u0435.<\/p>\n\n\n\n<figure class=\"wp-block-image size-large\"><img fetchpriority=\"high\" decoding=\"async\" width=\"1024\" height=\"579\" src=\"https:\/\/taxivan.fr\/wp-content\/uploads\/2024\/06\/transfert-gare-courchevel-1024x579.jpg\" alt=\"\" class=\"wp-image-50\" srcset=\"https:\/\/taxivan.fr\/wp-content\/uploads\/2024\/06\/transfert-gare-courchevel-1024x579.jpg 1024w, https:\/\/taxivan.fr\/wp-content\/uploads\/2024\/06\/transfert-gare-courchevel-600x339.jpg 600w, https:\/\/taxivan.fr\/wp-content\/uploads\/2024\/06\/transfert-gare-courchevel-300x170.jpg 300w, https:\/\/taxivan.fr\/wp-content\/uploads\/2024\/06\/transfert-gare-courchevel-768x434.jpg 768w, https:\/\/taxivan.fr\/wp-content\/uploads\/2024\/06\/transfert-gare-courchevel-170x96.jpg 170w, https:\/\/taxivan.fr\/wp-content\/uploads\/2024\/06\/transfert-gare-courchevel-110x62.jpg 110w, https:\/\/taxivan.fr\/wp-content\/uploads\/2024\/06\/transfert-gare-courchevel.jpg 1400w\" sizes=\"(max-width: 1024px) 100vw, 1024px\" \/><\/figure>\n\n\n\n<h3 class=\"wp-block-heading\">\u0412\u0441\u0442\u0440\u0435\u0447\u0430 \u043d\u0430 \u0432\u043e\u043a\u0437\u0430\u043b\u0435 \u0441 \u0430\u043b\u044c\u0442\u0435\u0440\u043d\u0430\u0442\u0438\u0432\u043d\u044b\u043c \u0442\u0430\u043a\u0441\u0438 \u0434\u043e \u041a\u0443\u0440\u0448\u0435\u0432\u0435\u043b\u044f<\/h3>\n\n\n\n<p>\u041c\u044b \u0441\u043e\u0432\u0435\u0442\u0443\u0435\u043c \u0432\u0430\u043c \u0437\u0430\u0431\u0440\u043e\u043d\u0438\u0440\u043e\u0432\u0430\u0442\u044c \u0441\u0432\u043e\u0439 \u0441\u043e\u0431\u0441\u0442\u0432\u0435\u043d\u043d\u044b\u0439 VTC. \u0418\u043d\u0434\u0438\u0432\u0438\u0434\u0443\u0430\u043b\u044c\u043d\u044b\u0439 \u043f\u0440\u0438\u0435\u043c \u0438\u0437\u0431\u0430\u0432\u0438\u0442 \u0432\u0430\u0441 \u043e\u0442 \u0441\u0442\u0440\u0435\u0441\u0441\u0430 \u0432\u043e \u0432\u0440\u0435\u043c\u044f \u0442\u0440\u0430\u043d\u0441\u0444\u0435\u0440\u0430 \u043a \u043c\u0435\u0441\u0442\u0443 \u043f\u0440\u043e\u0436\u0438\u0432\u0430\u043d\u0438\u044f.&nbsp;<\/p>\n\n\n\n<h3 class=\"wp-block-heading\">\u041e\u0442\u043f\u0440\u0430\u0432\u043b\u0435\u043d\u0438\u0435 \u043d\u0430 \u0436\u0435\u043b\u0435\u0437\u043d\u043e\u0434\u043e\u0440\u043e\u0436\u043d\u044b\u0439 \u0432\u043e\u043a\u0437\u0430\u043b \u0441 \u0432\u0430\u0448\u0438\u043c \u0430\u043b\u044c\u0442\u0435\u0440\u043d\u0430\u0442\u0438\u0432\u043d\u044b\u043c \u0442\u0430\u043a\u0441\u0438 \u041a\u0443\u0440\u0448\u0435\u0432\u0435\u043b\u044f<\/h3>\n\n\n\n<p>\u0412 \u043a\u043e\u043d\u0446\u0435 \u0432\u0430\u0448\u0435\u0433\u043e \u043e\u0442\u043f\u0443\u0441\u043a\u0430 \u0442\u0440\u0430\u043d\u0441\u0444\u0435\u0440 \u0431\u0443\u0434\u0435\u0442 \u043f\u0440\u0435\u0434\u043e\u0441\u0442\u0430\u0432\u043b\u0435\u043d \u043d\u0430 \u0442\u0435\u0445 \u0436\u0435 \u0432\u044b\u0441\u043e\u043a\u043e\u043a\u0430\u0447\u0435\u0441\u0442\u0432\u0435\u043d\u043d\u044b\u0445 \u0443\u0441\u043b\u043e\u0432\u0438\u044f\u0445. \u0412\u0430\u0448 \u0432\u043e\u0434\u0438\u0442\u0435\u043b\u044c \u0440\u0430\u0441\u0441\u0447\u0438\u0442\u0430\u0435\u0442 \u0437\u0430\u043f\u0430\u0441 \u043f\u0440\u043e\u0447\u043d\u043e\u0441\u0442\u0438, \u0447\u0442\u043e\u0431\u044b \u0433\u0430\u0440\u0430\u043d\u0442\u0438\u0440\u043e\u0432\u0430\u0442\u044c \u0432\u0430\u043c \u0434\u043e\u0441\u0442\u0430\u0442\u043e\u0447\u043d\u043e\u0435 \u0432\u0440\u0435\u043c\u044f \u043d\u0430 \u043f\u043e\u0441\u0430\u0434\u043a\u0443 \u0438 \u0438\u0437\u0431\u0435\u0436\u0430\u0442\u044c \u0441\u0442\u0440\u0435\u0441\u0441\u0430.<\/p>\n\n\n\n<p>\u0412\u044b\u0431\u0438\u0440\u0430\u044f \u043d\u0430\u0448\u0443 \u043a\u043e\u043c\u043f\u0430\u043d\u0438\u044e \u0442\u0430\u043a\u0441\u0438 VAN 7places, \u0432\u044b \u0433\u0430\u0440\u0430\u043d\u0442\u0438\u0440\u0443\u0435\u0442\u0435 \u0441\u0435\u0431\u0435 \u043d\u0430\u0434\u0435\u0436\u043d\u044b\u0435 \u043f\u043e\u0435\u0437\u0434\u043a\u0438 \u0432 \u043e\u0431\u0440\u0430\u0437\u0446\u043e\u0432\u043e\u043c \u043a\u043e\u043c\u0444\u043e\u0440\u0442\u0435. \u041d\u0435 \u0441\u043e\u043c\u043d\u0435\u0432\u0430\u0439\u0442\u0435\u0441\u044c \u0431\u043e\u043b\u044c\u0448\u0435!<\/p>","protected":false},"excerpt":{"rendered":"<p>Transfert Chauffeur de Taxi VTC entre Courchevel et les Gares de Gen\u00e8ve, Chamb\u00e9ry, Lyon, Annecy, Mo\u00fbtiers, Turin ou Milan Votre [&hellip;]<\/p>","protected":false},"author":1,"featured_media":50,"parent":0,"menu_order":0,"comment_status":"closed","ping_status":"closed","template":"","meta":{"site-sidebar-layout":"default","site-content-layout":"","ast-site-content-layout":"default","site-content-style":"default","site-sidebar-style":"default","ast-global-header-display":"","ast-banner-title-visibility":"","ast-main-header-display":"","ast-hfb-above-header-display":"","ast-hfb-below-header-display":"","ast-hfb-mobile-header-display":"","site-post-title":"","ast-breadcrumbs-content":"","ast-featured-img":"","footer-sml-layout":"","theme-transparent-header-meta":"","adv-header-id-meta":"","stick-header-meta":"","header-above-stick-meta":"","header-main-stick-meta":"","header-below-stick-meta":"","astra-migrate-meta-layouts":"default","ast-page-background-enabled":"default","ast-page-background-meta":{"desktop":{"background-color":"var(--ast-global-color-4)","background-image":"","background-repeat":"repeat","background-position":"center center","background-size":"auto","background-attachment":"scroll","background-type":"","background-media":"","overlay-type":"","overlay-color":"","overlay-opacity":"","overlay-gradient":""},"tablet":{"background-color":"","background-image":"","background-repeat":"repeat","background-position":"center center","background-size":"auto","background-attachment":"scroll","background-type":"","background-media":"","overlay-type":"","overlay-color":"","overlay-opacity":"","overlay-gradient":""},"mobile":{"background-color":"","background-image":"","background-repeat":"repeat","background-position":"center center","background-size":"auto","background-attachment":"scroll","background-type":"","background-media":"","overlay-type":"","overlay-color":"","overlay-opacity":"","overlay-gradient":""}},"ast-content-background-meta":{"desktop":{"background-color":"var(--ast-global-color-5)","background-image":"","background-repeat":"repeat","background-position":"center center","background-size":"auto","background-attachment":"scroll","background-type":"","background-media":"","overlay-type":"","overlay-color":"","overlay-opacity":"","overlay-gradient":""},"tablet":{"background-color":"var(--ast-global-color-5)","background-image":"","background-repeat":"repeat","background-position":"center center","background-size":"auto","background-attachment":"scroll","background-type":"","background-media":"","overlay-type":"","overlay-color":"","overlay-opacity":"","overlay-gradient":""},"mobile":{"background-color":"var(--ast-global-color-5)","background-image":"","background-repeat":"repeat","background-position":"center center","background-size":"auto","background-attachment":"scroll","background-type":"","background-media":"","overlay-type":"","overlay-color":"","overlay-opacity":"","overlay-gradient":""}},"footnotes":""},"class_list":["post-49","page","type-page","status-publish","has-post-thumbnail","hentry"],"jetpack_sharing_enabled":true,"_links":{"self":[{"href":"https:\/\/taxivan.fr\/ru\/wp-json\/wp\/v2\/pages\/49","targetHints":{"allow":["GET"]}}],"collection":[{"href":"https:\/\/taxivan.fr\/ru\/wp-json\/wp\/v2\/pages"}],"about":[{"href":"https:\/\/taxivan.fr\/ru\/wp-json\/wp\/v2\/types\/page"}],"author":[{"embeddable":true,"href":"https:\/\/taxivan.fr\/ru\/wp-json\/wp\/v2\/users\/1"}],"replies":[{"embeddable":true,"href":"https:\/\/taxivan.fr\/ru\/wp-json\/wp\/v2\/comments?post=49"}],"version-history":[{"count":5,"href":"https:\/\/taxivan.fr\/ru\/wp-json\/wp\/v2\/pages\/49\/revisions"}],"predecessor-version":[{"id":345,"href":"https:\/\/taxivan.fr\/ru\/wp-json\/wp\/v2\/pages\/49\/revisions\/345"}],"wp:featuredmedia":[{"embeddable":true,"href":"https:\/\/taxivan.fr\/ru\/wp-json\/wp\/v2\/media\/50"}],"wp:attachment":[{"href":"https:\/\/taxivan.fr\/ru\/wp-json\/wp\/v2\/media?parent=49"}],"curies":[{"name":"wp","href":"https:\/\/api.w.org\/{rel}","templated":true}]}}