{"id":52,"date":"2024-06-25T18:21:16","date_gmt":"2024-06-25T16:21:16","guid":{"rendered":"https:\/\/taxivan.fr\/?page_id=52"},"modified":"2024-06-25T18:39:07","modified_gmt":"2024-06-25T16:39:07","slug":"contact","status":"publish","type":"page","link":"https:\/\/taxivan.fr\/ru\/contact","title":{"rendered":"\u0421\u0432\u044f\u0437\u0430\u0442\u044c\u0441\u044f \u0441"},"content":{"rendered":"<div class=\"wp-block-cover alignfull is-light\" style=\"min-height:498px;aspect-ratio:unset;\"><span aria-hidden=\"true\" class=\"wp-block-cover__background has-background-dim-100 has-background-dim\" style=\"background-color:#ffffff\"><\/span><div class=\"wp-block-cover__inner-container is-layout-flow wp-block-cover-is-layout-flow\">\n<div class=\"wp-block-media-text alignwide is-stacked-on-mobile is-vertically-aligned-center is-image-fill\" style=\"grid-template-columns:56% auto\"><figure class=\"wp-block-media-text__media\" style=\"background-image:url(https:\/\/taxivan.fr\/wp-content\/uploads\/2024\/06\/Courchevel_1850.jpg);background-position:50% 50%\"><img decoding=\"async\" width=\"280\" height=\"157\" src=\"https:\/\/taxivan.fr\/wp-content\/uploads\/2024\/06\/Courchevel_1850.jpg\" alt=\"\" class=\"wp-image-54 size-full\" srcset=\"https:\/\/taxivan.fr\/wp-content\/uploads\/2024\/06\/Courchevel_1850.jpg 280w, https:\/\/taxivan.fr\/wp-content\/uploads\/2024\/06\/Courchevel_1850-170x95.jpg 170w, https:\/\/taxivan.fr\/wp-content\/uploads\/2024\/06\/Courchevel_1850-110x62.jpg 110w\" sizes=\"(max-width: 280px) 100vw, 280px\" \/><\/figure><div class=\"wp-block-media-text__content\">\n<h2 class=\"wp-block-heading has-black-color has-white-background-color has-text-color has-background\" style=\"font-size:32px\"><strong>Contactez votre chauffeur de Taxi Van \u00e0 Courchevel\u00a0!<br><\/strong><\/h2>\n\n\n\n<p class=\"has-text-color\" style=\"color:#000000;font-size:17px\">Tous vos d\u00e9placements \u00e0 Courchevel, M\u00e9ribel, Tania  et la Val-Thorens en Taxi<\/p>\n\n\n\n<div class=\"wp-block-buttons is-layout-flex wp-block-buttons-is-layout-flex\">\n<div class=\"wp-block-button is-style-fill\"><a class=\"wp-block-button__link wp-element-button\" href=\"https:\/\/taxivan.fr\/ru\/#wpcf7-f53-p52-o1\">Conatct<\/a><\/div>\n<\/div>\n<\/div><\/div>\n<\/div><\/div>\n\n\n\n<div class=\"wpcf7 no-js\" id=\"wpcf7-f53-o1\" lang=\"fr-FR\" dir=\"ltr\" data-wpcf7-id=\"53\">\n<div class=\"screen-reader-response\"><p role=\"status\" aria-live=\"polite\" aria-atomic=\"true\"><\/p> <ul><\/ul><\/div>\n<form action=\"\/ru\/wp-json\/wp\/v2\/pages\/52#wpcf7-f53-o1\" method=\"post\" class=\"wpcf7-form init\" aria-label=\"Formulaire de contact\" novalidate=\"novalidate\" data-status=\"init\" data-trp-original-action=\"\/ru\/wp-json\/wp\/v2\/pages\/52#wpcf7-f53-o1\">\n<fieldset class=\"hidden-fields-container\"><input type=\"hidden\" name=\"_wpcf7\" value=\"53\" \/><input type=\"hidden\" name=\"_wpcf7_version\" value=\"6.1.3\" \/><input type=\"hidden\" name=\"_wpcf7_locale\" value=\"fr_FR\" \/><input type=\"hidden\" name=\"_wpcf7_unit_tag\" value=\"wpcf7-f53-o1\" \/><input type=\"hidden\" name=\"_wpcf7_container_post\" value=\"0\" \/><input type=\"hidden\" name=\"_wpcf7_posted_data_hash\" value=\"\" \/><input type=\"hidden\" name=\"_wpcf7_key\" value=\"formulaire-de-contact-1\" \/><input type=\"hidden\" name=\"_cf7sg_toggles\" value=\"\" \/><input type=\"hidden\" name=\"_cf7sg_version\" value=\"4.15.8\" \/><input type=\"hidden\" name=\"_wpnonce\" value=\"a57a005021\" \/>\n<\/fieldset>\n<p><label> Votre nom <\/label><br \/>\n<span class=\"wpcf7-form-control-wrap\" data-name=\"your-name\"><input size=\"40\" maxlength=\"400\" class=\"wpcf7-form-control wpcf7-text wpcf7-validates-as-required\" autocomplete=\"name\" aria-required=\"true\" aria-invalid=\"false\" value=\"\" type=\"text\" name=\"your-name\" \/><\/span>\n<\/p>\n<p><label> Votre e-mail <\/label><br \/>\n<span class=\"wpcf7-form-control-wrap\" data-name=\"your-email\"><input size=\"40\" maxlength=\"400\" class=\"wpcf7-form-control wpcf7-email wpcf7-validates-as-required wpcf7-text wpcf7-validates-as-email\" autocomplete=\"email\" aria-required=\"true\" aria-invalid=\"false\" value=\"\" type=\"email\" name=\"your-email\" \/><\/span>\n<\/p>\n<p><label> Objet <\/label><br \/>\n<span class=\"wpcf7-form-control-wrap\" data-name=\"your-subject\"><input size=\"40\" maxlength=\"400\" class=\"wpcf7-form-control wpcf7-text wpcf7-validates-as-required\" aria-required=\"true\" aria-invalid=\"false\" value=\"\" type=\"text\" name=\"your-subject\" \/><\/span>\n<\/p>\n<p><label> Votre message (facultatif) <\/label><br \/>\n<span class=\"wpcf7-form-control-wrap\" data-name=\"your-message\"><textarea cols=\"40\" rows=\"10\" maxlength=\"2000\" class=\"wpcf7-form-control wpcf7-textarea\" aria-invalid=\"false\" name=\"your-message\"><\/textarea><\/span>\n<\/p>\n<p><input class=\"wpcf7-form-control wpcf7-submit has-spinner\" type=\"submit\" value=\"Envoyer\" \/>\n<\/p><div class=\"wpcf7-response-output\" aria-hidden=\"true\"><\/div>\n<input type=\"hidden\" name=\"trp-form-language\" value=\"ru\"\/><\/form>\n<\/div>\n\n\n\n\n<h2 class=\"wp-block-heading\">Contactez votre chauffeur de Taxi \u00e0 Courchevel !<\/h2>\n\n\n\n<p>Pour tous vos d\u00e9placements \u00e0 Courchevel, M\u00e9ribel, Val-Thorens et La Tania en taxi, faites appel \u00e0 notre compagnie. Pour r\u00e9server votre taxi \u00e0 Courchevel, contactez-nous directement pour d\u00e9couvrir nos services haut-de-gamme et tout ce que nous pouvons vous offrir. Notre prestation de transport est simple, transparente et efficace. Avec nous, aucune surprise : vous arriverez \u00e0 destination \u00e0 l\u2019heure pr\u00e9vue.<\/p>\n\n\n\n<p>Notre entreprise de taxi \u00e0 Courchevel a d\u00e9velopp\u00e9 une gamme compl\u00e8te de services pour r\u00e9pondre \u00e0 tous vos besoins. Nous assurons vos transferts entre les a\u00e9roports de Gen\u00e8ve, Lyon-Saint-Exup\u00e9ry, Chamb\u00e9ry-Savoie, Annecy-L\u00e9man et les stations. Nous vous accueillons directement \u00e0 l\u2019a\u00e9roport avec un panneau \u00e0 votre nom, puis nous vous conduisons sans d\u00e9lai \u00e0 votre h\u00f4tel. Profitez d\u2019un voyage confortable dans un v\u00e9hicule spacieux \u00e9quip\u00e9 de nombreux services \u00e0 bord : bouteilles d\u2019eau, chargeurs pour t\u00e9l\u00e9phone et iPhone, ainsi que des guides de la r\u00e9gion. Notre chauffeur, trilingue fran\u00e7ais\/anglais\/russe, assure un service de qualit\u00e9 sup\u00e9rieure. Vous voyagerez dans un cadre confortable tout en admirant les magnifiques paysages de la r\u00e9gion.<\/p>\n\n\n\n<p>Nous proposons \u00e9galement des transferts avec les principales gares de la r\u00e9gion : Chamb\u00e9ry \u2013 Challes-les-Eaux, Lyon-Part-Dieu, Gen\u00e8ve, Annecy et Mo\u00fbtiers.<\/p>\n\n\n\n<p>Tous nos services de taxi \u00e0 Courchevel et en Savoie sont \u00e0 votre disposition. Pour les arriv\u00e9es \u00e0 l\u2019Altiport de Courchevel, notre taxi viendra vous chercher directement d\u00e8s votre arriv\u00e9e. Bas\u00e9s au c\u0153ur de la station, nous assurons des d\u00e9placements rapides m\u00eame \u00e0 la derni\u00e8re minute.<\/p>\n\n\n\n<p>Vous pouvez avoir une enti\u00e8re confiance en nos services de taxi et en la qualit\u00e9 de notre prestation. Votre satisfaction est notre priorit\u00e9 absolue. Pensez \u00e9galement \u00e0 r\u00e9server votre retour avec nous.<\/p>\n\n\n\n<p>Nous serons ravis de vous accueillir \u00e0 bord pour votre prochain trajet et de contribuer au succ\u00e8s de vos projets, que ce soit pour vos vacances ou vos d\u00e9placements professionnels.<\/p>","protected":false},"excerpt":{"rendered":"<p>Contactez votre chauffeur de Taxi \u00e0 Courchevel ! Pour tous vos d\u00e9placements \u00e0 Courchevel, M\u00e9ribel, Val-Thorens et La Tania en [&hellip;]<\/p>","protected":false},"author":1,"featured_media":0,"parent":0,"menu_order":0,"comment_status":"closed","ping_status":"closed","template":"","meta":{"site-sidebar-layout":"default","site-content-layout":"","ast-site-content-layout":"default","site-content-style":"default","site-sidebar-style":"default","ast-global-header-display":"","ast-banner-title-visibility":"","ast-main-header-display":"","ast-hfb-above-header-display":"","ast-hfb-below-header-display":"","ast-hfb-mobile-header-display":"","site-post-title":"","ast-breadcrumbs-content":"","ast-featured-img":"","footer-sml-layout":"","theme-transparent-header-meta":"","adv-header-id-meta":"","stick-header-meta":"","header-above-stick-meta":"","header-main-stick-meta":"","header-below-stick-meta":"","astra-migrate-meta-layouts":"default","ast-page-background-enabled":"default","ast-page-background-meta":{"desktop":{"background-color":"var(--ast-global-color-4)","background-image":"","background-repeat":"repeat","background-position":"center center","background-size":"auto","background-attachment":"scroll","background-type":"","background-media":"","overlay-type":"","overlay-color":"","overlay-opacity":"","overlay-gradient":""},"tablet":{"background-color":"","background-image":"","background-repeat":"repeat","background-position":"center center","background-size":"auto","background-attachment":"scroll","background-type":"","background-media":"","overlay-type":"","overlay-color":"","overlay-opacity":"","overlay-gradient":""},"mobile":{"background-color":"","background-image":"","background-repeat":"repeat","background-position":"center center","background-size":"auto","background-attachment":"scroll","background-type":"","background-media":"","overlay-type":"","overlay-color":"","overlay-opacity":"","overlay-gradient":""}},"ast-content-background-meta":{"desktop":{"background-color":"var(--ast-global-color-5)","background-image":"","background-repeat":"repeat","background-position":"center center","background-size":"auto","background-attachment":"scroll","background-type":"","background-media":"","overlay-type":"","overlay-color":"","overlay-opacity":"","overlay-gradient":""},"tablet":{"background-color":"var(--ast-global-color-5)","background-image":"","background-repeat":"repeat","background-position":"center center","background-size":"auto","background-attachment":"scroll","background-type":"","background-media":"","overlay-type":"","overlay-color":"","overlay-opacity":"","overlay-gradient":""},"mobile":{"background-color":"var(--ast-global-color-5)","background-image":"","background-repeat":"repeat","background-position":"center center","background-size":"auto","background-attachment":"scroll","background-type":"","background-media":"","overlay-type":"","overlay-color":"","overlay-opacity":"","overlay-gradient":""}},"footnotes":""},"class_list":["post-52","page","type-page","status-publish","hentry"],"jetpack_sharing_enabled":true,"_links":{"self":[{"href":"https:\/\/taxivan.fr\/ru\/wp-json\/wp\/v2\/pages\/52","targetHints":{"allow":["GET"]}}],"collection":[{"href":"https:\/\/taxivan.fr\/ru\/wp-json\/wp\/v2\/pages"}],"about":[{"href":"https:\/\/taxivan.fr\/ru\/wp-json\/wp\/v2\/types\/page"}],"author":[{"embeddable":true,"href":"https:\/\/taxivan.fr\/ru\/wp-json\/wp\/v2\/users\/1"}],"replies":[{"embeddable":true,"href":"https:\/\/taxivan.fr\/ru\/wp-json\/wp\/v2\/comments?post=52"}],"version-history":[{"count":5,"href":"https:\/\/taxivan.fr\/ru\/wp-json\/wp\/v2\/pages\/52\/revisions"}],"predecessor-version":[{"id":61,"href":"https:\/\/taxivan.fr\/ru\/wp-json\/wp\/v2\/pages\/52\/revisions\/61"}],"wp:attachment":[{"href":"https:\/\/taxivan.fr\/ru\/wp-json\/wp\/v2\/media?parent=52"}],"curies":[{"name":"wp","href":"https:\/\/api.w.org\/{rel}","templated":true}]}}